{"id":1185,"date":"2025-12-10T07:59:08","date_gmt":"2025-12-10T06:59:08","guid":{"rendered":"https:\/\/schwaz2026.at\/?page_id=1185"},"modified":"2026-02-22T20:41:03","modified_gmt":"2026-02-22T19:41:03","slug":"zeitplan-kegel-wm-2026","status":"publish","type":"page","link":"https:\/\/schwaz2026.at\/en\/zeitplan-kegel-wm-2026\/","title":{"rendered":"Schedule"},"content":{"rendered":"<div data-elementor-type=\"wp-page\" data-elementor-id=\"1185\" class=\"elementor elementor-1185\">\n\t\t\t\t<div class=\"elementor-element elementor-element-c856e78 e-flex e-con-boxed e-con e-parent\" data-id=\"c856e78\" data-element_type=\"container\">\n\t\t\t\t\t<div class=\"e-con-inner\">\n\t\t\t\t<div class=\"elementor-element elementor-element-a34b29c elementor-widget elementor-widget-heading\" data-id=\"a34b29c\" data-element_type=\"widget\" data-widget_type=\"heading.default\">\n\t\t\t\t<div class=\"elementor-widget-container\">\n\t\t\t\t\t<h1 class=\"elementor-heading-title elementor-size-default\">Zeitplan der Wettk\u00e4mpfe<\/h1>\t\t\t\t<\/div>\n\t\t\t\t<\/div>\n\t\t\t\t\t<\/div>\n\t\t\t\t<\/div>\n\t\t<div class=\"elementor-element elementor-element-5f67a2e e-flex e-con-boxed e-con e-parent\" data-id=\"5f67a2e\" data-element_type=\"container\">\n\t\t\t\t\t<div class=\"e-con-inner\">\n\t\t\t\t<div class=\"elementor-element elementor-element-b0b78a7 elementor-widget elementor-widget-text-editor\" data-id=\"b0b78a7\" data-element_type=\"widget\" data-widget_type=\"text-editor.default\">\n\t\t\t\t<div class=\"elementor-widget-container\">\n\t\t\t\t\t\t\t\t\t<p><a href=\"https:\/\/www.wnba-nbc.com\/sites\/60ddb81533335b0deff5e105\/assets\/698ec633cd466e00081b6672\/Complete_schedule.pdf\" target=\"_blank\" rel=\"noopener\">Offizieller Zeitplan der WNBA<\/a><\/p><p>Die Sportkegel WM 2026 in Schwaz findet rund um das Pfingstwochenende statt. Es beginnen die Sportkegler und -keglerinnen der Altersklassen U15 und U19, gefolgt von den Junioren, und den Abschluss bildet die Allgemeine Klasse.<\/p>\t\t\t\t\t\t\t\t<\/div>\n\t\t\t\t<\/div>\n\t\t\t\t\t<\/div>\n\t\t\t\t<\/div>\n\t\t<div class=\"elementor-element elementor-element-10f17d9 e-flex e-con-boxed e-con e-parent\" data-id=\"10f17d9\" data-element_type=\"container\">\n\t\t\t\t\t<div class=\"e-con-inner\">\n\t\t\t\t<div class=\"elementor-element elementor-element-e0edce0 elementor-widget elementor-widget-heading\" data-id=\"e0edce0\" data-element_type=\"widget\" data-widget_type=\"heading.default\">\n\t\t\t\t<div class=\"elementor-widget-container\">\n\t\t\t\t\t<h2 class=\"elementor-heading-title elementor-size-default\">Wettk\u00e4mpfe U15 und U19 - Donnerstag 21.5. - Sonntag 24.5.2026<\/h2>\t\t\t\t<\/div>\n\t\t\t\t<\/div>\n\t\t\t\t\t<\/div>\n\t\t\t\t<\/div>\n\t\t<div class=\"elementor-element elementor-element-c258ced e-flex e-con-boxed e-con e-parent\" data-id=\"c258ced\" data-element_type=\"container\">\n\t\t\t\t\t<div class=\"e-con-inner\">\n\t\t\t\t<div class=\"elementor-element elementor-element-dc5e270 elementor-widget elementor-widget-image\" data-id=\"dc5e270\" data-element_type=\"widget\" data-widget_type=\"image.default\">\n\t\t\t\t<div class=\"elementor-widget-container\">\n\t\t\t\t\t\t\t\t\t\t\t\t\t\t\t<img fetchpriority=\"high\" decoding=\"async\" width=\"768\" height=\"287\" src=\"https:\/\/schwaz2026.at\/wp-content\/uploads\/2026\/02\/Startplan-U15-U19-768x287.png\" class=\"attachment-medium_large size-medium_large wp-image-1959\" alt=\"\" srcset=\"https:\/\/schwaz2026.at\/wp-content\/uploads\/2026\/02\/Startplan-U15-U19-768x287.png 768w, https:\/\/schwaz2026.at\/wp-content\/uploads\/2026\/02\/Startplan-U15-U19-300x112.png 300w, https:\/\/schwaz2026.at\/wp-content\/uploads\/2026\/02\/Startplan-U15-U19-1024x383.png 1024w, https:\/\/schwaz2026.at\/wp-content\/uploads\/2026\/02\/Startplan-U15-U19-18x7.png 18w, https:\/\/schwaz2026.at\/wp-content\/uploads\/2026\/02\/Startplan-U15-U19.png 1123w\" sizes=\"(max-width: 768px) 100vw, 768px\" \/>\t\t\t\t\t\t\t\t\t\t\t\t\t\t\t<\/div>\n\t\t\t\t<\/div>\n\t\t\t\t\t<\/div>\n\t\t\t\t<\/div>\n\t\t<div class=\"elementor-element elementor-element-f025377 e-flex e-con-boxed e-con e-parent\" data-id=\"f025377\" data-element_type=\"container\">\n\t\t\t\t\t<div class=\"e-con-inner\">\n\t\t\t\t<div class=\"elementor-element elementor-element-44ac0ec elementor-widget-divider--view-line elementor-widget elementor-widget-divider\" data-id=\"44ac0ec\" data-element_type=\"widget\" data-widget_type=\"divider.default\">\n\t\t\t\t<div class=\"elementor-widget-container\">\n\t\t\t\t\t\t\t<div class=\"elementor-divider\">\n\t\t\t<span class=\"elementor-divider-separator\">\n\t\t\t\t\t\t<\/span>\n\t\t<\/div>\n\t\t\t\t\t\t<\/div>\n\t\t\t\t<\/div>\n\t\t\t\t\t<\/div>\n\t\t\t\t<\/div>\n\t\t<div class=\"elementor-element elementor-element-598a1f7 e-flex e-con-boxed e-con e-parent\" data-id=\"598a1f7\" data-element_type=\"container\">\n\t\t\t\t\t<div class=\"e-con-inner\">\n\t\t\t\t<div class=\"elementor-element elementor-element-5e4fcbd elementor-widget elementor-widget-heading\" data-id=\"5e4fcbd\" data-element_type=\"widget\" data-widget_type=\"heading.default\">\n\t\t\t\t<div class=\"elementor-widget-container\">\n\t\t\t\t\t<h2 class=\"elementor-heading-title elementor-size-default\">Wettk\u00e4mpfe U23 - Montag 25.5. - Freitag 29.5.2026<\/h2>\t\t\t\t<\/div>\n\t\t\t\t<\/div>\n\t\t\t\t\t<\/div>\n\t\t\t\t<\/div>\n\t\t<div class=\"elementor-element elementor-element-8b3ea38 e-flex e-con-boxed e-con e-parent\" data-id=\"8b3ea38\" data-element_type=\"container\">\n\t\t\t\t\t<div class=\"e-con-inner\">\n\t\t\t\t<div class=\"elementor-element elementor-element-882d53f elementor-widget elementor-widget-image\" data-id=\"882d53f\" data-element_type=\"widget\" data-widget_type=\"image.default\">\n\t\t\t\t<div class=\"elementor-widget-container\">\n\t\t\t\t\t\t\t\t\t\t\t\t\t\t\t<img decoding=\"async\" width=\"768\" height=\"296\" src=\"https:\/\/schwaz2026.at\/wp-content\/uploads\/2026\/02\/Startplan-U23-768x296.png\" class=\"attachment-medium_large size-medium_large wp-image-1960\" alt=\"\" srcset=\"https:\/\/schwaz2026.at\/wp-content\/uploads\/2026\/02\/Startplan-U23-768x296.png 768w, https:\/\/schwaz2026.at\/wp-content\/uploads\/2026\/02\/Startplan-U23-300x116.png 300w, https:\/\/schwaz2026.at\/wp-content\/uploads\/2026\/02\/Startplan-U23-1024x395.png 1024w, https:\/\/schwaz2026.at\/wp-content\/uploads\/2026\/02\/Startplan-U23-18x7.png 18w, https:\/\/schwaz2026.at\/wp-content\/uploads\/2026\/02\/Startplan-U23.png 1120w\" sizes=\"(max-width: 768px) 100vw, 768px\" \/>\t\t\t\t\t\t\t\t\t\t\t\t\t\t\t<\/div>\n\t\t\t\t<\/div>\n\t\t\t\t\t<\/div>\n\t\t\t\t<\/div>\n\t\t<div class=\"elementor-element elementor-element-4f364be e-flex e-con-boxed e-con e-parent\" data-id=\"4f364be\" data-element_type=\"container\">\n\t\t\t\t\t<div class=\"e-con-inner\">\n\t\t\t\t<div class=\"elementor-element elementor-element-a853b8e elementor-widget-divider--view-line elementor-widget elementor-widget-divider\" data-id=\"a853b8e\" data-element_type=\"widget\" data-widget_type=\"divider.default\">\n\t\t\t\t<div class=\"elementor-widget-container\">\n\t\t\t\t\t\t\t<div class=\"elementor-divider\">\n\t\t\t<span class=\"elementor-divider-separator\">\n\t\t\t\t\t\t<\/span>\n\t\t<\/div>\n\t\t\t\t\t\t<\/div>\n\t\t\t\t<\/div>\n\t\t\t\t\t<\/div>\n\t\t\t\t<\/div>\n\t\t<div class=\"elementor-element elementor-element-6af7937 e-flex e-con-boxed e-con e-parent\" data-id=\"6af7937\" data-element_type=\"container\">\n\t\t\t\t\t<div class=\"e-con-inner\">\n\t\t\t\t<div class=\"elementor-element elementor-element-5a4bb06 elementor-widget elementor-widget-heading\" data-id=\"5a4bb06\" data-element_type=\"widget\" data-widget_type=\"heading.default\">\n\t\t\t\t<div class=\"elementor-widget-container\">\n\t\t\t\t\t<h2 class=\"elementor-heading-title elementor-size-default\">Wettk\u00e4mpfe AK - Sonntag 31.5. - Samstag 06.06.2026<\/h2>\t\t\t\t<\/div>\n\t\t\t\t<\/div>\n\t\t\t\t\t<\/div>\n\t\t\t\t<\/div>\n\t\t<div class=\"elementor-element elementor-element-ae5c125 e-flex e-con-boxed e-con e-parent\" data-id=\"ae5c125\" data-element_type=\"container\">\n\t\t\t\t\t<div class=\"e-con-inner\">\n\t\t\t\t<div class=\"elementor-element elementor-element-9bfd1dc elementor-widget elementor-widget-image\" data-id=\"9bfd1dc\" data-element_type=\"widget\" data-widget_type=\"image.default\">\n\t\t\t\t<div class=\"elementor-widget-container\">\n\t\t\t\t\t\t\t\t\t\t\t\t\t\t\t<img decoding=\"async\" width=\"768\" height=\"392\" src=\"https:\/\/schwaz2026.at\/wp-content\/uploads\/2026\/02\/Startplan-AK-768x392.png\" class=\"attachment-medium_large size-medium_large wp-image-1958\" alt=\"\" srcset=\"https:\/\/schwaz2026.at\/wp-content\/uploads\/2026\/02\/Startplan-AK-768x392.png 768w, https:\/\/schwaz2026.at\/wp-content\/uploads\/2026\/02\/Startplan-AK-300x153.png 300w, https:\/\/schwaz2026.at\/wp-content\/uploads\/2026\/02\/Startplan-AK-1024x523.png 1024w, https:\/\/schwaz2026.at\/wp-content\/uploads\/2026\/02\/Startplan-AK-18x9.png 18w, https:\/\/schwaz2026.at\/wp-content\/uploads\/2026\/02\/Startplan-AK.png 1122w\" sizes=\"(max-width: 768px) 100vw, 768px\" \/>\t\t\t\t\t\t\t\t\t\t\t\t\t\t\t<\/div>\n\t\t\t\t<\/div>\n\t\t\t\t\t<\/div>\n\t\t\t\t<\/div>\n\t\t<div class=\"elementor-element elementor-element-05da97f e-flex e-con-boxed e-con e-parent\" data-id=\"05da97f\" data-element_type=\"container\">\n\t\t\t\t\t<div class=\"e-con-inner\">\n\t\t\t\t<div class=\"elementor-element elementor-element-501f431 elementor-widget-divider--view-line elementor-widget elementor-widget-divider\" data-id=\"501f431\" data-element_type=\"widget\" data-widget_type=\"divider.default\">\n\t\t\t\t<div class=\"elementor-widget-container\">\n\t\t\t\t\t\t\t<div class=\"elementor-divider\">\n\t\t\t<span class=\"elementor-divider-separator\">\n\t\t\t\t\t\t<\/span>\n\t\t<\/div>\n\t\t\t\t\t\t<\/div>\n\t\t\t\t<\/div>\n\t\t\t\t\t<\/div>\n\t\t\t\t<\/div>\n\t\t\t\t<\/div>","protected":false},"excerpt":{"rendered":"<p>Zeitplan f\u00fcr die Wettbewerbe der Kegelweltmeisterschaft 2026 in Schwaz in \u00d6sterreich &#8211; Hier gibt es Tickets, Live Stream, Ergebnisse &#8211; einfach alles! Wenn Sie den Zeitplan f\u00fcr die Kegel WM suchen, schauen Sie vorbei. Der Zeitplan f\u00fcr die WM im Sportkegeln zeigt:<br \/>\nEs spielen die Altersklassen U15, U19, U23 und die Aktiven im Einzelwettbewerb um die Weltmeisterschaft Kegeln, die<br \/>\nKegel WM Schwaz 2026, auch zu finden als Ninepin Bowling Championship Schwaz, findet vom 5.Mai bis 6.Juni 2026 im sch\u00f6nen Tirol in Schwaz statt. Daf\u00fcr arbeiten wir mit den nationalen und internationalen Kegelverb\u00e4nden WNBA, NBC, FIQ, \u00d6SKB, TSKV, DKBC, DCU zusammen.<br \/>\nWir begr\u00fc\u00dfen auch die G\u00e4ste der anderen Kegelverb\u00e4nde zu diesem gro\u00dfen Ereignis:<br \/>\nteke vil\u00e1gbajnoks\u00e1got<br \/>\nKuglana<br \/>\nKegljaski<br \/>\nmajstrovstv\u00e1 sveta v kolkov<br \/>\nsvetsko prvenstvo kuglanje austrija<br \/>\nsvjetsko prvenstvo u kuglanju austrija<br \/>\nmjesto odr\u017eavanja<br \/>\npojedina\u010dno takmi\u010denje<br \/>\nekipno takmi\u010denje<br \/>\nme\u0111unarodno prvenstvo<br \/>\nkugla\u010dka staza<br \/>\nsportsko kuglanje<\/p>","protected":false},"author":1,"featured_media":0,"parent":0,"menu_order":0,"comment_status":"closed","ping_status":"closed","template":"","meta":{"footnotes":""},"class_list":["post-1185","page","type-page","status-publish","hentry"],"yoast_head":"<!-- This site is optimized with the Yoast SEO plugin v26.8 - https:\/\/yoast.com\/product\/yoast-seo-wordpress\/ -->\n<title>Zeitplan - Kegel WM Schwaz 2026<\/title>\n<meta name=\"description\" content=\"Zeitpl\u00e4ne f\u00fcr die Kegelwettbewerbe in den Altersklassen U15 und U19 (20.-24.Mai), U23 (34.-39.Mai), und f\u00fcr die Aktiven (30.5.-6.6.).\" \/>\n<meta name=\"robots\" content=\"index, follow, max-snippet:-1, max-image-preview:large, max-video-preview:-1\" \/>\n<link rel=\"canonical\" href=\"https:\/\/schwaz2026.at\/en\/zeitplan-kegel-wm-2026\/\" \/>\n<meta property=\"og:locale\" content=\"en_US\" \/>\n<meta property=\"og:type\" content=\"article\" \/>\n<meta property=\"og:title\" content=\"Zeitplan - Kegel WM Schwaz 2026\" \/>\n<meta property=\"og:description\" content=\"Zeitpl\u00e4ne f\u00fcr die Kegelwettbewerbe in den Altersklassen U15 und U19 (20.-24.Mai), U23 (34.-39.Mai), und f\u00fcr die Aktiven (30.5.-6.6.).\" \/>\n<meta property=\"og:url\" content=\"https:\/\/schwaz2026.at\/en\/zeitplan-kegel-wm-2026\/\" \/>\n<meta property=\"og:site_name\" content=\"Kegel WM Schwaz 2026\" \/>\n<meta property=\"article:publisher\" content=\"https:\/\/www.facebook.com\/kvschwaz\" \/>\n<meta property=\"article:modified_time\" content=\"2026-02-22T19:41:03+00:00\" \/>\n<meta property=\"og:image\" content=\"https:\/\/schwaz2026.at\/wp-content\/uploads\/2026\/02\/Startplan-U15-U19.png\" \/>\n\t<meta property=\"og:image:width\" content=\"1123\" \/>\n\t<meta property=\"og:image:height\" content=\"420\" \/>\n\t<meta property=\"og:image:type\" content=\"image\/png\" \/>\n<meta name=\"twitter:card\" content=\"summary_large_image\" \/>\n<meta name=\"twitter:label1\" content=\"Est. reading time\" \/>\n\t<meta name=\"twitter:data1\" content=\"1 minute\" \/>\n<script type=\"application\/ld+json\" class=\"yoast-schema-graph\">{\"@context\":\"https:\/\/schema.org\",\"@graph\":[{\"@type\":\"WebPage\",\"@id\":\"https:\/\/schwaz2026.at\/zeitplan-kegel-wm-2026\/\",\"url\":\"https:\/\/schwaz2026.at\/zeitplan-kegel-wm-2026\/\",\"name\":\"Zeitplan - Kegel WM Schwaz 2026\",\"isPartOf\":{\"@id\":\"https:\/\/schwaz2026.at\/#website\"},\"primaryImageOfPage\":{\"@id\":\"https:\/\/schwaz2026.at\/zeitplan-kegel-wm-2026\/#primaryimage\"},\"image\":{\"@id\":\"https:\/\/schwaz2026.at\/zeitplan-kegel-wm-2026\/#primaryimage\"},\"thumbnailUrl\":\"https:\/\/schwaz2026.at\/wp-content\/uploads\/2026\/02\/Startplan-U15-U19-768x287.png\",\"datePublished\":\"2025-12-10T06:59:08+00:00\",\"dateModified\":\"2026-02-22T19:41:03+00:00\",\"description\":\"Zeitpl\u00e4ne f\u00fcr die Kegelwettbewerbe in den Altersklassen U15 und U19 (20.-24.Mai), U23 (34.-39.Mai), und f\u00fcr die Aktiven (30.5.-6.6.).\",\"breadcrumb\":{\"@id\":\"https:\/\/schwaz2026.at\/zeitplan-kegel-wm-2026\/#breadcrumb\"},\"inLanguage\":\"en-US\",\"potentialAction\":[{\"@type\":\"ReadAction\",\"target\":[\"https:\/\/schwaz2026.at\/zeitplan-kegel-wm-2026\/\"]}]},{\"@type\":\"ImageObject\",\"inLanguage\":\"en-US\",\"@id\":\"https:\/\/schwaz2026.at\/zeitplan-kegel-wm-2026\/#primaryimage\",\"url\":\"https:\/\/schwaz2026.at\/wp-content\/uploads\/2026\/02\/Startplan-U15-U19-768x287.png\",\"contentUrl\":\"https:\/\/schwaz2026.at\/wp-content\/uploads\/2026\/02\/Startplan-U15-U19-768x287.png\"},{\"@type\":\"BreadcrumbList\",\"@id\":\"https:\/\/schwaz2026.at\/zeitplan-kegel-wm-2026\/#breadcrumb\",\"itemListElement\":[{\"@type\":\"ListItem\",\"position\":1,\"name\":\"Startseite\",\"item\":\"https:\/\/schwaz2026.at\/\"},{\"@type\":\"ListItem\",\"position\":2,\"name\":\"Zeitplan\"}]},{\"@type\":\"WebSite\",\"@id\":\"https:\/\/schwaz2026.at\/#website\",\"url\":\"https:\/\/schwaz2026.at\/\",\"name\":\"Kegel WM Schwaz 2026\",\"description\":\"Kegelweltmeisterschaft der Junioren und Aktiven in Schwaz, 2026\",\"publisher\":{\"@id\":\"https:\/\/schwaz2026.at\/#organization\"},\"alternateName\":\"Kegelweltmeisterschaft 2026 in Schwaz\",\"potentialAction\":[{\"@type\":\"SearchAction\",\"target\":{\"@type\":\"EntryPoint\",\"urlTemplate\":\"https:\/\/schwaz2026.at\/?s={search_term_string}\"},\"query-input\":{\"@type\":\"PropertyValueSpecification\",\"valueRequired\":true,\"valueName\":\"search_term_string\"}}],\"inLanguage\":\"en-US\"},{\"@type\":\"Organization\",\"@id\":\"https:\/\/schwaz2026.at\/#organization\",\"name\":\"WM Schwaz 2026\",\"url\":\"https:\/\/schwaz2026.at\/\",\"logo\":{\"@type\":\"ImageObject\",\"inLanguage\":\"en-US\",\"@id\":\"https:\/\/schwaz2026.at\/#\/schema\/logo\/image\/\",\"url\":\"https:\/\/schwaz2026.at\/wp-content\/uploads\/2025\/01\/cropped-cropped-cropped-SCHWAZ_2026_FINAL_CMYK_AT.pdf.png\",\"contentUrl\":\"https:\/\/schwaz2026.at\/wp-content\/uploads\/2025\/01\/cropped-cropped-cropped-SCHWAZ_2026_FINAL_CMYK_AT.pdf.png\",\"width\":2000,\"height\":1199,\"caption\":\"WM Schwaz 2026\"},\"image\":{\"@id\":\"https:\/\/schwaz2026.at\/#\/schema\/logo\/image\/\"},\"sameAs\":[\"https:\/\/www.facebook.com\/kvschwaz\",\"https:\/\/www.instagram.com\/kv_schwaz\"]}]}<\/script>\n<!-- \/ Yoast SEO plugin. -->","yoast_head_json":{"title":"Zeitplan - Kegel WM Schwaz 2026","description":"Zeitpl\u00e4ne f\u00fcr die Kegelwettbewerbe in den Altersklassen U15 und U19 (20.-24.Mai), U23 (34.-39.Mai), und f\u00fcr die Aktiven (30.5.-6.6.).","robots":{"index":"index","follow":"follow","max-snippet":"max-snippet:-1","max-image-preview":"max-image-preview:large","max-video-preview":"max-video-preview:-1"},"canonical":"https:\/\/schwaz2026.at\/en\/zeitplan-kegel-wm-2026\/","og_locale":"en_US","og_type":"article","og_title":"Zeitplan - Kegel WM Schwaz 2026","og_description":"Zeitpl\u00e4ne f\u00fcr die Kegelwettbewerbe in den Altersklassen U15 und U19 (20.-24.Mai), U23 (34.-39.Mai), und f\u00fcr die Aktiven (30.5.-6.6.).","og_url":"https:\/\/schwaz2026.at\/en\/zeitplan-kegel-wm-2026\/","og_site_name":"Kegel WM Schwaz 2026","article_publisher":"https:\/\/www.facebook.com\/kvschwaz","article_modified_time":"2026-02-22T19:41:03+00:00","og_image":[{"width":1123,"height":420,"url":"https:\/\/schwaz2026.at\/wp-content\/uploads\/2026\/02\/Startplan-U15-U19.png","type":"image\/png"}],"twitter_card":"summary_large_image","twitter_misc":{"Est. reading time":"1 minute"},"schema":{"@context":"https:\/\/schema.org","@graph":[{"@type":"WebPage","@id":"https:\/\/schwaz2026.at\/zeitplan-kegel-wm-2026\/","url":"https:\/\/schwaz2026.at\/zeitplan-kegel-wm-2026\/","name":"Zeitplan - Kegel WM Schwaz 2026","isPartOf":{"@id":"https:\/\/schwaz2026.at\/#website"},"primaryImageOfPage":{"@id":"https:\/\/schwaz2026.at\/zeitplan-kegel-wm-2026\/#primaryimage"},"image":{"@id":"https:\/\/schwaz2026.at\/zeitplan-kegel-wm-2026\/#primaryimage"},"thumbnailUrl":"https:\/\/schwaz2026.at\/wp-content\/uploads\/2026\/02\/Startplan-U15-U19-768x287.png","datePublished":"2025-12-10T06:59:08+00:00","dateModified":"2026-02-22T19:41:03+00:00","description":"Zeitpl\u00e4ne f\u00fcr die Kegelwettbewerbe in den Altersklassen U15 und U19 (20.-24.Mai), U23 (34.-39.Mai), und f\u00fcr die Aktiven (30.5.-6.6.).","breadcrumb":{"@id":"https:\/\/schwaz2026.at\/zeitplan-kegel-wm-2026\/#breadcrumb"},"inLanguage":"en-US","potentialAction":[{"@type":"ReadAction","target":["https:\/\/schwaz2026.at\/zeitplan-kegel-wm-2026\/"]}]},{"@type":"ImageObject","inLanguage":"en-US","@id":"https:\/\/schwaz2026.at\/zeitplan-kegel-wm-2026\/#primaryimage","url":"https:\/\/schwaz2026.at\/wp-content\/uploads\/2026\/02\/Startplan-U15-U19-768x287.png","contentUrl":"https:\/\/schwaz2026.at\/wp-content\/uploads\/2026\/02\/Startplan-U15-U19-768x287.png"},{"@type":"BreadcrumbList","@id":"https:\/\/schwaz2026.at\/zeitplan-kegel-wm-2026\/#breadcrumb","itemListElement":[{"@type":"ListItem","position":1,"name":"Startseite","item":"https:\/\/schwaz2026.at\/"},{"@type":"ListItem","position":2,"name":"Zeitplan"}]},{"@type":"WebSite","@id":"https:\/\/schwaz2026.at\/#website","url":"https:\/\/schwaz2026.at\/","name":"Kegel WM Schwaz 2026","description":"Kegelweltmeisterschaft der Junioren und Aktiven in Schwaz, 2026","publisher":{"@id":"https:\/\/schwaz2026.at\/#organization"},"alternateName":"Kegelweltmeisterschaft 2026 in Schwaz","potentialAction":[{"@type":"SearchAction","target":{"@type":"EntryPoint","urlTemplate":"https:\/\/schwaz2026.at\/?s={search_term_string}"},"query-input":{"@type":"PropertyValueSpecification","valueRequired":true,"valueName":"search_term_string"}}],"inLanguage":"en-US"},{"@type":"Organization","@id":"https:\/\/schwaz2026.at\/#organization","name":"WCH Schwaz 2026","url":"https:\/\/schwaz2026.at\/","logo":{"@type":"ImageObject","inLanguage":"en-US","@id":"https:\/\/schwaz2026.at\/#\/schema\/logo\/image\/","url":"https:\/\/schwaz2026.at\/wp-content\/uploads\/2025\/01\/cropped-cropped-cropped-SCHWAZ_2026_FINAL_CMYK_AT.pdf.png","contentUrl":"https:\/\/schwaz2026.at\/wp-content\/uploads\/2025\/01\/cropped-cropped-cropped-SCHWAZ_2026_FINAL_CMYK_AT.pdf.png","width":2000,"height":1199,"caption":"WM Schwaz 2026"},"image":{"@id":"https:\/\/schwaz2026.at\/#\/schema\/logo\/image\/"},"sameAs":["https:\/\/www.facebook.com\/kvschwaz","https:\/\/www.instagram.com\/kv_schwaz"]}]}},"_links":{"self":[{"href":"https:\/\/schwaz2026.at\/en\/wp-json\/wp\/v2\/pages\/1185","targetHints":{"allow":["GET"]}}],"collection":[{"href":"https:\/\/schwaz2026.at\/en\/wp-json\/wp\/v2\/pages"}],"about":[{"href":"https:\/\/schwaz2026.at\/en\/wp-json\/wp\/v2\/types\/page"}],"author":[{"embeddable":true,"href":"https:\/\/schwaz2026.at\/en\/wp-json\/wp\/v2\/users\/1"}],"replies":[{"embeddable":true,"href":"https:\/\/schwaz2026.at\/en\/wp-json\/wp\/v2\/comments?post=1185"}],"version-history":[{"count":42,"href":"https:\/\/schwaz2026.at\/en\/wp-json\/wp\/v2\/pages\/1185\/revisions"}],"predecessor-version":[{"id":1993,"href":"https:\/\/schwaz2026.at\/en\/wp-json\/wp\/v2\/pages\/1185\/revisions\/1993"}],"wp:attachment":[{"href":"https:\/\/schwaz2026.at\/en\/wp-json\/wp\/v2\/media?parent=1185"}],"curies":[{"name":"wp","href":"https:\/\/api.w.org\/{rel}","templated":true}]}}