{"id":1187,"date":"2025-12-10T07:59:19","date_gmt":"2025-12-10T06:59:19","guid":{"rendered":"https:\/\/schwaz2026.at\/?page_id=1187"},"modified":"2026-02-22T21:06:44","modified_gmt":"2026-02-22T20:06:44","slug":"live-stream-kegel-wm-2026","status":"publish","type":"page","link":"https:\/\/schwaz2026.at\/en\/live-stream-kegel-wm-2026\/","title":{"rendered":"Live Stream"},"content":{"rendered":"<div data-elementor-type=\"wp-page\" data-elementor-id=\"1187\" class=\"elementor elementor-1187\">\n\t\t\t\t<div class=\"elementor-element elementor-element-dca5a0e e-flex e-con-boxed e-con e-parent\" data-id=\"dca5a0e\" data-element_type=\"container\">\n\t\t\t\t\t<div class=\"e-con-inner\">\n\t\t\t\t<div class=\"elementor-element elementor-element-4e2ceb8 elementor-widget elementor-widget-heading\" data-id=\"4e2ceb8\" data-element_type=\"widget\" data-widget_type=\"heading.default\">\n\t\t\t\t<div class=\"elementor-widget-container\">\n\t\t\t\t\t<h2 class=\"elementor-heading-title elementor-size-default\">Livestreams f\u00fcr die Kegel WM in Schwaz<\/h2>\t\t\t\t<\/div>\n\t\t\t\t<\/div>\n\t\t\t\t<div class=\"elementor-element elementor-element-7c65c9a elementor-widget elementor-widget-spacer\" data-id=\"7c65c9a\" data-element_type=\"widget\" data-widget_type=\"spacer.default\">\n\t\t\t\t<div class=\"elementor-widget-container\">\n\t\t\t\t\t\t\t<div class=\"elementor-spacer\">\n\t\t\t<div class=\"elementor-spacer-inner\"><\/div>\n\t\t<\/div>\n\t\t\t\t\t\t<\/div>\n\t\t\t\t<\/div>\n\t\t\t\t\t<\/div>\n\t\t\t\t<\/div>\n\t\t<div class=\"elementor-element elementor-element-3609ea8 e-flex e-con-boxed e-con e-parent\" data-id=\"3609ea8\" data-element_type=\"container\">\n\t\t\t\t\t<div class=\"e-con-inner\">\n\t\t\t\t<div class=\"elementor-element elementor-element-074904c elementor-widget elementor-widget-text-editor\" data-id=\"074904c\" data-element_type=\"widget\" data-widget_type=\"text-editor.default\">\n\t\t\t\t<div class=\"elementor-widget-container\">\n\t\t\t\t\t\t\t\t\t<p>N\u00e4here Infos folgen sobald verf\u00fcgbar.<\/p>\t\t\t\t\t\t\t\t<\/div>\n\t\t\t\t<\/div>\n\t\t\t\t\t<\/div>\n\t\t\t\t<\/div>\n\t\t\t\t<\/div>","protected":false},"excerpt":{"rendered":"<p>Livestreams f\u00fcr die Kegel WM in Schwaz N\u00e4here Infos folgen sobald verf\u00fcgbar.<\/p>","protected":false},"author":1,"featured_media":0,"parent":0,"menu_order":0,"comment_status":"closed","ping_status":"closed","template":"","meta":{"footnotes":""},"class_list":["post-1187","page","type-page","status-publish","hentry"],"yoast_head":"<!-- This site is optimized with the Yoast SEO plugin v26.8 - https:\/\/yoast.com\/product\/yoast-seo-wordpress\/ -->\n<title>Live Stream - Kegel WM Schwaz 2026<\/title>\n<meta name=\"description\" content=\"Alles zur Kegel WM 2026 in Schwaz: Livestream, Tickets, Unterk\u00fcnfte, Zeitpl\u00e4ne, Ergebnisse. Wir freuen uns auf euch!\" \/>\n<meta name=\"robots\" content=\"index, follow, max-snippet:-1, max-image-preview:large, max-video-preview:-1\" \/>\n<link rel=\"canonical\" href=\"https:\/\/schwaz2026.at\/en\/live-stream-kegel-wm-2026\/\" \/>\n<meta property=\"og:locale\" content=\"en_US\" \/>\n<meta property=\"og:type\" content=\"article\" \/>\n<meta property=\"og:title\" content=\"Live Stream - Kegel WM Schwaz 2026\" \/>\n<meta property=\"og:description\" content=\"Alles zur Kegel WM 2026 in Schwaz: Livestream, Tickets, Unterk\u00fcnfte, Zeitpl\u00e4ne, Ergebnisse. Wir freuen uns auf euch!\" \/>\n<meta property=\"og:url\" content=\"https:\/\/schwaz2026.at\/en\/live-stream-kegel-wm-2026\/\" \/>\n<meta property=\"og:site_name\" content=\"Kegel WM Schwaz 2026\" \/>\n<meta property=\"article:publisher\" content=\"https:\/\/www.facebook.com\/kvschwaz\" \/>\n<meta property=\"article:modified_time\" content=\"2026-02-22T20:06:44+00:00\" \/>\n<meta property=\"og:image\" content=\"https:\/\/schwaz2026.at\/wp-content\/uploads\/2026\/02\/KegelWM-1200x675-1.jpg\" \/>\n\t<meta property=\"og:image:width\" content=\"1200\" \/>\n\t<meta property=\"og:image:height\" content=\"675\" \/>\n\t<meta property=\"og:image:type\" content=\"image\/jpeg\" \/>\n<meta name=\"twitter:card\" content=\"summary_large_image\" \/>\n<meta name=\"twitter:label1\" content=\"Est. reading time\" \/>\n\t<meta name=\"twitter:data1\" content=\"1 minute\" \/>\n<script type=\"application\/ld+json\" class=\"yoast-schema-graph\">{\"@context\":\"https:\/\/schema.org\",\"@graph\":[{\"@type\":\"WebPage\",\"@id\":\"https:\/\/schwaz2026.at\/live-stream-kegel-wm-2026\/\",\"url\":\"https:\/\/schwaz2026.at\/live-stream-kegel-wm-2026\/\",\"name\":\"Live Stream - Kegel WM Schwaz 2026\",\"isPartOf\":{\"@id\":\"https:\/\/schwaz2026.at\/#website\"},\"datePublished\":\"2025-12-10T06:59:19+00:00\",\"dateModified\":\"2026-02-22T20:06:44+00:00\",\"description\":\"Alles zur Kegel WM 2026 in Schwaz: Livestream, Tickets, Unterk\u00fcnfte, Zeitpl\u00e4ne, Ergebnisse. Wir freuen uns auf euch!\",\"breadcrumb\":{\"@id\":\"https:\/\/schwaz2026.at\/live-stream-kegel-wm-2026\/#breadcrumb\"},\"inLanguage\":\"en-US\",\"potentialAction\":[{\"@type\":\"ReadAction\",\"target\":[\"https:\/\/schwaz2026.at\/live-stream-kegel-wm-2026\/\"]}]},{\"@type\":\"BreadcrumbList\",\"@id\":\"https:\/\/schwaz2026.at\/live-stream-kegel-wm-2026\/#breadcrumb\",\"itemListElement\":[{\"@type\":\"ListItem\",\"position\":1,\"name\":\"Startseite\",\"item\":\"https:\/\/schwaz2026.at\/\"},{\"@type\":\"ListItem\",\"position\":2,\"name\":\"Live Stream\"}]},{\"@type\":\"WebSite\",\"@id\":\"https:\/\/schwaz2026.at\/#website\",\"url\":\"https:\/\/schwaz2026.at\/\",\"name\":\"Kegel WM Schwaz 2026\",\"description\":\"Kegelweltmeisterschaft der Junioren und Aktiven in Schwaz, 2026\",\"publisher\":{\"@id\":\"https:\/\/schwaz2026.at\/#organization\"},\"alternateName\":\"Kegelweltmeisterschaft 2026 in Schwaz\",\"potentialAction\":[{\"@type\":\"SearchAction\",\"target\":{\"@type\":\"EntryPoint\",\"urlTemplate\":\"https:\/\/schwaz2026.at\/?s={search_term_string}\"},\"query-input\":{\"@type\":\"PropertyValueSpecification\",\"valueRequired\":true,\"valueName\":\"search_term_string\"}}],\"inLanguage\":\"en-US\"},{\"@type\":\"Organization\",\"@id\":\"https:\/\/schwaz2026.at\/#organization\",\"name\":\"WM Schwaz 2026\",\"url\":\"https:\/\/schwaz2026.at\/\",\"logo\":{\"@type\":\"ImageObject\",\"inLanguage\":\"en-US\",\"@id\":\"https:\/\/schwaz2026.at\/#\/schema\/logo\/image\/\",\"url\":\"https:\/\/schwaz2026.at\/wp-content\/uploads\/2025\/01\/cropped-cropped-cropped-SCHWAZ_2026_FINAL_CMYK_AT.pdf.png\",\"contentUrl\":\"https:\/\/schwaz2026.at\/wp-content\/uploads\/2025\/01\/cropped-cropped-cropped-SCHWAZ_2026_FINAL_CMYK_AT.pdf.png\",\"width\":2000,\"height\":1199,\"caption\":\"WM Schwaz 2026\"},\"image\":{\"@id\":\"https:\/\/schwaz2026.at\/#\/schema\/logo\/image\/\"},\"sameAs\":[\"https:\/\/www.facebook.com\/kvschwaz\",\"https:\/\/www.instagram.com\/kv_schwaz\"]}]}<\/script>\n<!-- \/ Yoast SEO plugin. -->","yoast_head_json":{"title":"Live Stream - Kegel WM Schwaz 2026","description":"Alles zur Kegel WM 2026 in Schwaz: Livestream, Tickets, Unterk\u00fcnfte, Zeitpl\u00e4ne, Ergebnisse. Wir freuen uns auf euch!","robots":{"index":"index","follow":"follow","max-snippet":"max-snippet:-1","max-image-preview":"max-image-preview:large","max-video-preview":"max-video-preview:-1"},"canonical":"https:\/\/schwaz2026.at\/en\/live-stream-kegel-wm-2026\/","og_locale":"en_US","og_type":"article","og_title":"Live Stream - Kegel WM Schwaz 2026","og_description":"Alles zur Kegel WM 2026 in Schwaz: Livestream, Tickets, Unterk\u00fcnfte, Zeitpl\u00e4ne, Ergebnisse. Wir freuen uns auf euch!","og_url":"https:\/\/schwaz2026.at\/en\/live-stream-kegel-wm-2026\/","og_site_name":"Kegel WM Schwaz 2026","article_publisher":"https:\/\/www.facebook.com\/kvschwaz","article_modified_time":"2026-02-22T20:06:44+00:00","og_image":[{"width":1200,"height":675,"url":"https:\/\/schwaz2026.at\/wp-content\/uploads\/2026\/02\/KegelWM-1200x675-1.jpg","type":"image\/jpeg"}],"twitter_card":"summary_large_image","twitter_misc":{"Est. reading time":"1 minute"},"schema":{"@context":"https:\/\/schema.org","@graph":[{"@type":"WebPage","@id":"https:\/\/schwaz2026.at\/live-stream-kegel-wm-2026\/","url":"https:\/\/schwaz2026.at\/live-stream-kegel-wm-2026\/","name":"Live Stream - Kegel WM Schwaz 2026","isPartOf":{"@id":"https:\/\/schwaz2026.at\/#website"},"datePublished":"2025-12-10T06:59:19+00:00","dateModified":"2026-02-22T20:06:44+00:00","description":"Alles zur Kegel WM 2026 in Schwaz: Livestream, Tickets, Unterk\u00fcnfte, Zeitpl\u00e4ne, Ergebnisse. Wir freuen uns auf euch!","breadcrumb":{"@id":"https:\/\/schwaz2026.at\/live-stream-kegel-wm-2026\/#breadcrumb"},"inLanguage":"en-US","potentialAction":[{"@type":"ReadAction","target":["https:\/\/schwaz2026.at\/live-stream-kegel-wm-2026\/"]}]},{"@type":"BreadcrumbList","@id":"https:\/\/schwaz2026.at\/live-stream-kegel-wm-2026\/#breadcrumb","itemListElement":[{"@type":"ListItem","position":1,"name":"Startseite","item":"https:\/\/schwaz2026.at\/"},{"@type":"ListItem","position":2,"name":"Live Stream"}]},{"@type":"WebSite","@id":"https:\/\/schwaz2026.at\/#website","url":"https:\/\/schwaz2026.at\/","name":"Kegel WM Schwaz 2026","description":"Kegelweltmeisterschaft der Junioren und Aktiven in Schwaz, 2026","publisher":{"@id":"https:\/\/schwaz2026.at\/#organization"},"alternateName":"Kegelweltmeisterschaft 2026 in Schwaz","potentialAction":[{"@type":"SearchAction","target":{"@type":"EntryPoint","urlTemplate":"https:\/\/schwaz2026.at\/?s={search_term_string}"},"query-input":{"@type":"PropertyValueSpecification","valueRequired":true,"valueName":"search_term_string"}}],"inLanguage":"en-US"},{"@type":"Organization","@id":"https:\/\/schwaz2026.at\/#organization","name":"WCH Schwaz 2026","url":"https:\/\/schwaz2026.at\/","logo":{"@type":"ImageObject","inLanguage":"en-US","@id":"https:\/\/schwaz2026.at\/#\/schema\/logo\/image\/","url":"https:\/\/schwaz2026.at\/wp-content\/uploads\/2025\/01\/cropped-cropped-cropped-SCHWAZ_2026_FINAL_CMYK_AT.pdf.png","contentUrl":"https:\/\/schwaz2026.at\/wp-content\/uploads\/2025\/01\/cropped-cropped-cropped-SCHWAZ_2026_FINAL_CMYK_AT.pdf.png","width":2000,"height":1199,"caption":"WM Schwaz 2026"},"image":{"@id":"https:\/\/schwaz2026.at\/#\/schema\/logo\/image\/"},"sameAs":["https:\/\/www.facebook.com\/kvschwaz","https:\/\/www.instagram.com\/kv_schwaz"]}]}},"_links":{"self":[{"href":"https:\/\/schwaz2026.at\/en\/wp-json\/wp\/v2\/pages\/1187","targetHints":{"allow":["GET"]}}],"collection":[{"href":"https:\/\/schwaz2026.at\/en\/wp-json\/wp\/v2\/pages"}],"about":[{"href":"https:\/\/schwaz2026.at\/en\/wp-json\/wp\/v2\/types\/page"}],"author":[{"embeddable":true,"href":"https:\/\/schwaz2026.at\/en\/wp-json\/wp\/v2\/users\/1"}],"replies":[{"embeddable":true,"href":"https:\/\/schwaz2026.at\/en\/wp-json\/wp\/v2\/comments?post=1187"}],"version-history":[{"count":4,"href":"https:\/\/schwaz2026.at\/en\/wp-json\/wp\/v2\/pages\/1187\/revisions"}],"predecessor-version":[{"id":2012,"href":"https:\/\/schwaz2026.at\/en\/wp-json\/wp\/v2\/pages\/1187\/revisions\/2012"}],"wp:attachment":[{"href":"https:\/\/schwaz2026.at\/en\/wp-json\/wp\/v2\/media?parent=1187"}],"curies":[{"name":"wp","href":"https:\/\/api.w.org\/{rel}","templated":true}]}}