{"id":2061,"date":"2026-04-12T12:48:57","date_gmt":"2026-04-12T10:48:57","guid":{"rendered":"https:\/\/schwaz2026.at\/?page_id=2061"},"modified":"2026-04-12T13:27:42","modified_gmt":"2026-04-12T11:27:42","slug":"elementor-2061","status":"publish","type":"page","link":"https:\/\/schwaz2026.at\/en\/elementor-2061\/","title":{"rendered":"Er\u00f6ffnungsfeiern"},"content":{"rendered":"<div data-elementor-type=\"wp-page\" data-elementor-id=\"2061\" class=\"elementor elementor-2061\">\n\t\t\t\t<div class=\"elementor-element elementor-element-ab79b9c e-flex e-con-boxed e-con e-parent\" data-id=\"ab79b9c\" data-element_type=\"container\">\n\t\t\t\t\t<div class=\"e-con-inner\">\n\t\t\t\t<div class=\"elementor-element elementor-element-d0363aa elementor-widget elementor-widget-heading\" data-id=\"d0363aa\" data-element_type=\"widget\" data-widget_type=\"heading.default\">\n\t\t\t\t<div class=\"elementor-widget-container\">\n\t\t\t\t\t<h1 class=\"elementor-heading-title elementor-size-default\">Er\u00f6ffnungsfeiern zur Europameisterschaft und Weltmeisterschaften 2026<\/h1>\t\t\t\t<\/div>\n\t\t\t\t<\/div>\n\t\t\t\t\t<\/div>\n\t\t\t\t<\/div>\n\t\t<div class=\"elementor-element elementor-element-5f238dc e-flex e-con-boxed e-con e-parent\" data-id=\"5f238dc\" data-element_type=\"container\">\n\t\t\t\t\t<div class=\"e-con-inner\">\n\t\t\t\t<div class=\"elementor-element elementor-element-7a1192e elementor-widget elementor-widget-text-editor\" data-id=\"7a1192e\" data-element_type=\"widget\" data-widget_type=\"text-editor.default\">\n\t\t\t\t<div class=\"elementor-widget-container\">\n\t\t\t\t\t\t\t\t\t<p>Die Er\u00f6ffnungsfeiern finden jeweils in der Tennishalle Stans statt!<br \/>Der Eintritt ist bei allen Er\u00f6ffnungsfeiern frei!<\/p>\t\t\t\t\t\t\t\t<\/div>\n\t\t\t\t<\/div>\n\t\t\t\t\t<\/div>\n\t\t\t\t<\/div>\n\t\t<div class=\"elementor-element elementor-element-d2c313e e-flex e-con-boxed e-con e-parent\" data-id=\"d2c313e\" data-element_type=\"container\">\n\t\t\t\t\t<div class=\"e-con-inner\">\n\t\t\t\t<div class=\"elementor-element elementor-element-ba4b76a elementor-widget elementor-widget-heading\" data-id=\"ba4b76a\" data-element_type=\"widget\" data-widget_type=\"heading.default\">\n\t\t\t\t<div class=\"elementor-widget-container\">\n\t\t\t\t\t<h2 class=\"elementor-heading-title elementor-size-default\">Er\u00f6ffnungsfeier Europameisterschaft<br> U15 und U19\n<br>\nMittwoch, 20.05.2026 - 19:00 Uhr<\/h2>\t\t\t\t<\/div>\n\t\t\t\t<\/div>\n\t\t\t\t<div class=\"elementor-element elementor-element-c0af2c7 elementor-widget elementor-widget-heading\" data-id=\"c0af2c7\" data-element_type=\"widget\" data-widget_type=\"heading.default\">\n\t\t\t\t<div class=\"elementor-widget-container\">\n\t\t\t\t\t<h5 class=\"elementor-heading-title elementor-size-default\">Special Guests: <a href=\"https:\/\/www.msaf.at\/\">Die Dresch-Flegel - Kampfshow<\/a><\/h5>\t\t\t\t<\/div>\n\t\t\t\t<\/div>\n\t\t\t\t<div class=\"elementor-element elementor-element-3489b34 elementor-widget elementor-widget-image\" data-id=\"3489b34\" data-element_type=\"widget\" data-widget_type=\"image.default\">\n\t\t\t\t<div class=\"elementor-widget-container\">\n\t\t\t\t\t\t\t\t\t\t\t\t\t\t\t<img fetchpriority=\"high\" decoding=\"async\" width=\"538\" height=\"280\" src=\"https:\/\/schwaz2026.at\/wp-content\/uploads\/2026\/04\/2026_04_10_Dreschflegel.jpg\" class=\"attachment-medium_large size-medium_large wp-image-2071\" alt=\"\" srcset=\"https:\/\/schwaz2026.at\/wp-content\/uploads\/2026\/04\/2026_04_10_Dreschflegel.jpg 538w, https:\/\/schwaz2026.at\/wp-content\/uploads\/2026\/04\/2026_04_10_Dreschflegel-300x156.jpg 300w, https:\/\/schwaz2026.at\/wp-content\/uploads\/2026\/04\/2026_04_10_Dreschflegel-18x9.jpg 18w\" sizes=\"(max-width: 538px) 100vw, 538px\" \/>\t\t\t\t\t\t\t\t\t\t\t\t\t\t\t<\/div>\n\t\t\t\t<\/div>\n\t\t\t\t\t<\/div>\n\t\t\t\t<\/div>\n\t\t<div class=\"elementor-element elementor-element-7fc2db6 e-flex e-con-boxed e-con e-parent\" data-id=\"7fc2db6\" data-element_type=\"container\">\n\t\t\t\t\t<div class=\"e-con-inner\">\n\t\t\t\t<div class=\"elementor-element elementor-element-3184ed9 elementor-widget elementor-widget-heading\" data-id=\"3184ed9\" data-element_type=\"widget\" data-widget_type=\"heading.default\">\n\t\t\t\t<div class=\"elementor-widget-container\">\n\t\t\t\t\t<h2 class=\"elementor-heading-title elementor-size-default\">Er\u00f6ffnungsfeier Weltmeisterschaft U23\n<br>\nSonntag, 24.05.2026 - 20:00 Uhr<\/h2>\t\t\t\t<\/div>\n\t\t\t\t<\/div>\n\t\t\t\t<div class=\"elementor-element elementor-element-0fb6507 elementor-widget elementor-widget-heading\" data-id=\"0fb6507\" data-element_type=\"widget\" data-widget_type=\"heading.default\">\n\t\t\t\t<div class=\"elementor-widget-container\">\n\t\t\t\t\t<h5 class=\"elementor-heading-title elementor-size-default\">Special Guests: <a href=\"https:\/\/www.almrausch-solleite.com\/\">Trachtenverein Almrausch-S\u00f6lleite - Volkskultur aus Tirol<\/a><\/h5>\t\t\t\t<\/div>\n\t\t\t\t<\/div>\n\t\t\t\t<div class=\"elementor-element elementor-element-44e46ca elementor-widget elementor-widget-image\" data-id=\"44e46ca\" data-element_type=\"widget\" data-widget_type=\"image.default\">\n\t\t\t\t<div class=\"elementor-widget-container\">\n\t\t\t\t\t\t\t\t\t\t\t\t\t\t\t<img decoding=\"async\" width=\"768\" height=\"280\" src=\"https:\/\/schwaz2026.at\/wp-content\/uploads\/2026\/04\/2026_04_01_Almrausch_Soelleite_01-768x280.jpg\" class=\"attachment-medium_large size-medium_large wp-image-2069\" alt=\"\" srcset=\"https:\/\/schwaz2026.at\/wp-content\/uploads\/2026\/04\/2026_04_01_Almrausch_Soelleite_01-768x280.jpg 768w, https:\/\/schwaz2026.at\/wp-content\/uploads\/2026\/04\/2026_04_01_Almrausch_Soelleite_01-300x110.jpg 300w, https:\/\/schwaz2026.at\/wp-content\/uploads\/2026\/04\/2026_04_01_Almrausch_Soelleite_01-1024x374.jpg 1024w, https:\/\/schwaz2026.at\/wp-content\/uploads\/2026\/04\/2026_04_01_Almrausch_Soelleite_01-1536x561.jpg 1536w, https:\/\/schwaz2026.at\/wp-content\/uploads\/2026\/04\/2026_04_01_Almrausch_Soelleite_01-18x7.jpg 18w, https:\/\/schwaz2026.at\/wp-content\/uploads\/2026\/04\/2026_04_01_Almrausch_Soelleite_01.jpg 1893w\" sizes=\"(max-width: 768px) 100vw, 768px\" \/>\t\t\t\t\t\t\t\t\t\t\t\t\t\t\t<\/div>\n\t\t\t\t<\/div>\n\t\t\t\t\t<\/div>\n\t\t\t\t<\/div>\n\t\t<div class=\"elementor-element elementor-element-23bc756 e-flex e-con-boxed e-con e-parent\" data-id=\"23bc756\" data-element_type=\"container\">\n\t\t\t\t\t<div class=\"e-con-inner\">\n\t\t\t\t<div class=\"elementor-element elementor-element-fbf83eb elementor-widget elementor-widget-heading\" data-id=\"fbf83eb\" data-element_type=\"widget\" data-widget_type=\"heading.default\">\n\t\t\t\t<div class=\"elementor-widget-container\">\n\t\t\t\t\t<h2 class=\"elementor-heading-title elementor-size-default\">Er\u00f6ffnungsfeier Weltmeisterschaft<br> Allgemeine Klasse\n<br>\nSamstag, 30.05.2026 - 20:00 Uhr<\/h2>\t\t\t\t<\/div>\n\t\t\t\t<\/div>\n\t\t\t\t<div class=\"elementor-element elementor-element-53ab982 elementor-widget elementor-widget-heading\" data-id=\"53ab982\" data-element_type=\"widget\" data-widget_type=\"heading.default\">\n\t\t\t\t<div class=\"elementor-widget-container\">\n\t\t\t\t\t<h5 class=\"elementor-heading-title elementor-size-default\">Special Guests: <a href=\"https:\/\/www.caramba-dance-fitness.com\/\">Caramba - Die ultimative Tanzshow<\/a><\/h5>\t\t\t\t<\/div>\n\t\t\t\t<\/div>\n\t\t\t\t<div class=\"elementor-element elementor-element-fa05b4d elementor-widget elementor-widget-image\" data-id=\"fa05b4d\" data-element_type=\"widget\" data-widget_type=\"image.default\">\n\t\t\t\t<div class=\"elementor-widget-container\">\n\t\t\t\t\t\t\t\t\t\t\t\t\t\t\t<img decoding=\"async\" width=\"768\" height=\"316\" src=\"https:\/\/schwaz2026.at\/wp-content\/uploads\/2026\/04\/2026_04_01_Caramba-768x316.jpeg\" class=\"attachment-medium_large size-medium_large wp-image-2070\" alt=\"\" srcset=\"https:\/\/schwaz2026.at\/wp-content\/uploads\/2026\/04\/2026_04_01_Caramba-768x316.jpeg 768w, https:\/\/schwaz2026.at\/wp-content\/uploads\/2026\/04\/2026_04_01_Caramba-300x123.jpeg 300w, https:\/\/schwaz2026.at\/wp-content\/uploads\/2026\/04\/2026_04_01_Caramba-1024x421.jpeg 1024w, https:\/\/schwaz2026.at\/wp-content\/uploads\/2026\/04\/2026_04_01_Caramba-1536x632.jpeg 1536w, https:\/\/schwaz2026.at\/wp-content\/uploads\/2026\/04\/2026_04_01_Caramba-2048x842.jpeg 2048w, https:\/\/schwaz2026.at\/wp-content\/uploads\/2026\/04\/2026_04_01_Caramba-18x7.jpeg 18w\" sizes=\"(max-width: 768px) 100vw, 768px\" \/>\t\t\t\t\t\t\t\t\t\t\t\t\t\t\t<\/div>\n\t\t\t\t<\/div>\n\t\t<div class=\"elementor-element elementor-element-31de92f e-grid e-con-full e-con e-child\" data-id=\"31de92f\" data-element_type=\"container\" data-settings=\"{&quot;background_background&quot;:&quot;classic&quot;}\">\n\t\t\t\t<div class=\"elementor-element elementor-element-6654634 elementor-view-default elementor-widget elementor-widget-icon\" data-id=\"6654634\" data-element_type=\"widget\" data-widget_type=\"icon.default\">\n\t\t\t\t<div class=\"elementor-widget-container\">\n\t\t\t\t\t\t\t<div class=\"elementor-icon-wrapper\">\n\t\t\t<div class=\"elementor-icon\">\n\t\t\t<svg aria-hidden=\"true\" class=\"e-font-icon-svg e-fab-instagram\" viewbox=\"0 0 448 512\" xmlns=\"http:\/\/www.w3.org\/2000\/svg\"><path d=\"M224.1 141c-63.6 0-114.9 51.3-114.9 114.9s51.3 114.9 114.9 114.9S339 319.5 339 255.9 287.7 141 224.1 141zm0 189.6c-41.1 0-74.7-33.5-74.7-74.7s33.5-74.7 74.7-74.7 74.7 33.5 74.7 74.7-33.6 74.7-74.7 74.7zm146.4-194.3c0 14.9-12 26.8-26.8 26.8-14.9 0-26.8-12-26.8-26.8s12-26.8 26.8-26.8 26.8 12 26.8 26.8zm76.1 27.2c-1.7-35.9-9.9-67.7-36.2-93.9-26.2-26.2-58-34.4-93.9-36.2-37-2.1-147.9-2.1-184.9 0-35.8 1.7-67.6 9.9-93.9 36.1s-34.4 58-36.2 93.9c-2.1 37-2.1 147.9 0 184.9 1.7 35.9 9.9 67.7 36.2 93.9s58 34.4 93.9 36.2c37 2.1 147.9 2.1 184.9 0 35.9-1.7 67.7-9.9 93.9-36.2 26.2-26.2 34.4-58 36.2-93.9 2.1-37 2.1-147.8 0-184.8zM398.8 388c-7.8 19.6-22.9 34.7-42.6 42.6-29.5 11.7-99.5 9-132.1 9s-102.7 2.6-132.1-9c-19.6-7.8-34.7-22.9-42.6-42.6-11.7-29.5-9-99.5-9-132.1s-2.6-102.7 9-132.1c7.8-19.6 22.9-34.7 42.6-42.6 29.5-11.7 99.5-9 132.1-9s102.7-2.6 132.1 9c19.6 7.8 34.7 22.9 42.6 42.6 11.7 29.5 9 99.5 9 132.1s2.7 102.7-9 132.1z\"><\/path><\/svg>\t\t\t<\/div>\n\t\t<\/div>\n\t\t\t\t\t\t<\/div>\n\t\t\t\t<\/div>\n\t\t\t\t<div class=\"elementor-element elementor-element-b958b8d elementor-widget elementor-widget-heading\" data-id=\"b958b8d\" data-element_type=\"widget\" data-widget_type=\"heading.default\">\n\t\t\t\t<div class=\"elementor-widget-container\">\n\t\t\t\t\t<h2 class=\"elementor-heading-title elementor-size-default\"><a href=\"https:\/\/schwaz2026.at\/en\/impressum\/\">Impressum<\/a><\/h2>\t\t\t\t<\/div>\n\t\t\t\t<\/div>\n\t\t\t\t<\/div>\n\t\t\t\t\t<\/div>\n\t\t\t\t<\/div>\n\t\t\t\t<\/div>","protected":false},"excerpt":{"rendered":"<p>Er\u00f6ffnungsfeiern zur Europameisterschaft und Weltmeisterschaften 2026 Die Er\u00f6ffnungsfeiern finden jeweils in der Tennishalle Stans statt!Der Eintritt ist bei allen Er\u00f6ffnungsfeiern frei! Er\u00f6ffnungsfeier Europameisterschaft U15 und U19 Mittwoch, 20.05.2026 &#8211; 19:00 Uhr Special Guests: Die Dresch-Flegel &#8211; Kampfshow Er\u00f6ffnungsfeier Weltmeisterschaft U23 Sonntag, 24.05.2026 &#8211; 20:00 Uhr Special Guests: Trachtenverein Almrausch-S\u00f6lleite &#8211; Volkskultur aus Tirol Er\u00f6ffnungsfeier Weltmeisterschaft [&hellip;]<\/p>","protected":false},"author":1,"featured_media":0,"parent":0,"menu_order":0,"comment_status":"closed","ping_status":"closed","template":"","meta":{"footnotes":""},"class_list":["post-2061","page","type-page","status-publish","hentry"],"yoast_head":"<!-- This site is optimized with the Yoast SEO plugin v26.8 - https:\/\/yoast.com\/product\/yoast-seo-wordpress\/ -->\n<title>Er\u00f6ffnungsfeiern - Kegel WM Schwaz 2026<\/title>\n<meta name=\"robots\" content=\"index, follow, max-snippet:-1, max-image-preview:large, max-video-preview:-1\" \/>\n<link rel=\"canonical\" href=\"https:\/\/schwaz2026.at\/en\/elementor-2061\/\" \/>\n<meta property=\"og:locale\" content=\"en_US\" \/>\n<meta property=\"og:type\" content=\"article\" \/>\n<meta property=\"og:title\" content=\"Er\u00f6ffnungsfeiern - Kegel WM Schwaz 2026\" \/>\n<meta property=\"og:description\" content=\"Er\u00f6ffnungsfeiern zur Europameisterschaft und Weltmeisterschaften 2026 Die Er\u00f6ffnungsfeiern finden jeweils in der Tennishalle Stans statt!Der Eintritt ist bei allen Er\u00f6ffnungsfeiern frei! Er\u00f6ffnungsfeier Europameisterschaft U15 und U19 Mittwoch, 20.05.2026 &#8211; 19:00 Uhr Special Guests: Die Dresch-Flegel &#8211; Kampfshow Er\u00f6ffnungsfeier Weltmeisterschaft U23 Sonntag, 24.05.2026 &#8211; 20:00 Uhr Special Guests: Trachtenverein Almrausch-S\u00f6lleite &#8211; Volkskultur aus Tirol Er\u00f6ffnungsfeier Weltmeisterschaft [&hellip;]\" \/>\n<meta property=\"og:url\" content=\"https:\/\/schwaz2026.at\/en\/elementor-2061\/\" \/>\n<meta property=\"og:site_name\" content=\"Kegel WM Schwaz 2026\" \/>\n<meta property=\"article:publisher\" content=\"https:\/\/www.facebook.com\/kvschwaz\" \/>\n<meta property=\"article:modified_time\" content=\"2026-04-12T11:27:42+00:00\" \/>\n<meta property=\"og:image\" content=\"https:\/\/schwaz2026.at\/wp-content\/uploads\/2026\/04\/2026_04_10_Dreschflegel.jpg\" \/>\n\t<meta property=\"og:image:width\" content=\"538\" \/>\n\t<meta property=\"og:image:height\" content=\"280\" \/>\n\t<meta property=\"og:image:type\" content=\"image\/jpeg\" \/>\n<meta name=\"twitter:card\" content=\"summary_large_image\" \/>\n<meta name=\"twitter:label1\" content=\"Est. reading time\" \/>\n\t<meta name=\"twitter:data1\" content=\"1 minute\" \/>\n<script type=\"application\/ld+json\" class=\"yoast-schema-graph\">{\"@context\":\"https:\/\/schema.org\",\"@graph\":[{\"@type\":\"WebPage\",\"@id\":\"https:\/\/schwaz2026.at\/elementor-2061\/\",\"url\":\"https:\/\/schwaz2026.at\/elementor-2061\/\",\"name\":\"Er\u00f6ffnungsfeiern - Kegel WM Schwaz 2026\",\"isPartOf\":{\"@id\":\"https:\/\/schwaz2026.at\/#website\"},\"primaryImageOfPage\":{\"@id\":\"https:\/\/schwaz2026.at\/elementor-2061\/#primaryimage\"},\"image\":{\"@id\":\"https:\/\/schwaz2026.at\/elementor-2061\/#primaryimage\"},\"thumbnailUrl\":\"https:\/\/schwaz2026.at\/wp-content\/uploads\/2026\/04\/2026_04_10_Dreschflegel.jpg\",\"datePublished\":\"2026-04-12T10:48:57+00:00\",\"dateModified\":\"2026-04-12T11:27:42+00:00\",\"breadcrumb\":{\"@id\":\"https:\/\/schwaz2026.at\/elementor-2061\/#breadcrumb\"},\"inLanguage\":\"en-US\",\"potentialAction\":[{\"@type\":\"ReadAction\",\"target\":[\"https:\/\/schwaz2026.at\/elementor-2061\/\"]}]},{\"@type\":\"ImageObject\",\"inLanguage\":\"en-US\",\"@id\":\"https:\/\/schwaz2026.at\/elementor-2061\/#primaryimage\",\"url\":\"https:\/\/schwaz2026.at\/wp-content\/uploads\/2026\/04\/2026_04_10_Dreschflegel.jpg\",\"contentUrl\":\"https:\/\/schwaz2026.at\/wp-content\/uploads\/2026\/04\/2026_04_10_Dreschflegel.jpg\"},{\"@type\":\"BreadcrumbList\",\"@id\":\"https:\/\/schwaz2026.at\/elementor-2061\/#breadcrumb\",\"itemListElement\":[{\"@type\":\"ListItem\",\"position\":1,\"name\":\"Startseite\",\"item\":\"https:\/\/schwaz2026.at\/\"},{\"@type\":\"ListItem\",\"position\":2,\"name\":\"Er\u00f6ffnungsfeiern\"}]},{\"@type\":\"WebSite\",\"@id\":\"https:\/\/schwaz2026.at\/#website\",\"url\":\"https:\/\/schwaz2026.at\/\",\"name\":\"Kegel WM Schwaz 2026\",\"description\":\"Kegelweltmeisterschaft der Junioren und Aktiven in Schwaz, 2026\",\"publisher\":{\"@id\":\"https:\/\/schwaz2026.at\/#organization\"},\"alternateName\":\"Kegelweltmeisterschaft 2026 in Schwaz\",\"potentialAction\":[{\"@type\":\"SearchAction\",\"target\":{\"@type\":\"EntryPoint\",\"urlTemplate\":\"https:\/\/schwaz2026.at\/?s={search_term_string}\"},\"query-input\":{\"@type\":\"PropertyValueSpecification\",\"valueRequired\":true,\"valueName\":\"search_term_string\"}}],\"inLanguage\":\"en-US\"},{\"@type\":\"Organization\",\"@id\":\"https:\/\/schwaz2026.at\/#organization\",\"name\":\"WM Schwaz 2026\",\"url\":\"https:\/\/schwaz2026.at\/\",\"logo\":{\"@type\":\"ImageObject\",\"inLanguage\":\"en-US\",\"@id\":\"https:\/\/schwaz2026.at\/#\/schema\/logo\/image\/\",\"url\":\"https:\/\/schwaz2026.at\/wp-content\/uploads\/2025\/01\/cropped-cropped-cropped-SCHWAZ_2026_FINAL_CMYK_AT.pdf.png\",\"contentUrl\":\"https:\/\/schwaz2026.at\/wp-content\/uploads\/2025\/01\/cropped-cropped-cropped-SCHWAZ_2026_FINAL_CMYK_AT.pdf.png\",\"width\":2000,\"height\":1199,\"caption\":\"WM Schwaz 2026\"},\"image\":{\"@id\":\"https:\/\/schwaz2026.at\/#\/schema\/logo\/image\/\"},\"sameAs\":[\"https:\/\/www.facebook.com\/kvschwaz\",\"https:\/\/www.instagram.com\/kv_schwaz\"]}]}<\/script>\n<!-- \/ Yoast SEO plugin. -->","yoast_head_json":{"title":"Er\u00f6ffnungsfeiern - Kegel WM Schwaz 2026","robots":{"index":"index","follow":"follow","max-snippet":"max-snippet:-1","max-image-preview":"max-image-preview:large","max-video-preview":"max-video-preview:-1"},"canonical":"https:\/\/schwaz2026.at\/en\/elementor-2061\/","og_locale":"en_US","og_type":"article","og_title":"Er\u00f6ffnungsfeiern - Kegel WM Schwaz 2026","og_description":"Er\u00f6ffnungsfeiern zur Europameisterschaft und Weltmeisterschaften 2026 Die Er\u00f6ffnungsfeiern finden jeweils in der Tennishalle Stans statt!Der Eintritt ist bei allen Er\u00f6ffnungsfeiern frei! Er\u00f6ffnungsfeier Europameisterschaft U15 und U19 Mittwoch, 20.05.2026 &#8211; 19:00 Uhr Special Guests: Die Dresch-Flegel &#8211; Kampfshow Er\u00f6ffnungsfeier Weltmeisterschaft U23 Sonntag, 24.05.2026 &#8211; 20:00 Uhr Special Guests: Trachtenverein Almrausch-S\u00f6lleite &#8211; Volkskultur aus Tirol Er\u00f6ffnungsfeier Weltmeisterschaft [&hellip;]","og_url":"https:\/\/schwaz2026.at\/en\/elementor-2061\/","og_site_name":"Kegel WM Schwaz 2026","article_publisher":"https:\/\/www.facebook.com\/kvschwaz","article_modified_time":"2026-04-12T11:27:42+00:00","og_image":[{"width":538,"height":280,"url":"https:\/\/schwaz2026.at\/wp-content\/uploads\/2026\/04\/2026_04_10_Dreschflegel.jpg","type":"image\/jpeg"}],"twitter_card":"summary_large_image","twitter_misc":{"Est. reading time":"1 minute"},"schema":{"@context":"https:\/\/schema.org","@graph":[{"@type":"WebPage","@id":"https:\/\/schwaz2026.at\/elementor-2061\/","url":"https:\/\/schwaz2026.at\/elementor-2061\/","name":"Er\u00f6ffnungsfeiern - Kegel WM Schwaz 2026","isPartOf":{"@id":"https:\/\/schwaz2026.at\/#website"},"primaryImageOfPage":{"@id":"https:\/\/schwaz2026.at\/elementor-2061\/#primaryimage"},"image":{"@id":"https:\/\/schwaz2026.at\/elementor-2061\/#primaryimage"},"thumbnailUrl":"https:\/\/schwaz2026.at\/wp-content\/uploads\/2026\/04\/2026_04_10_Dreschflegel.jpg","datePublished":"2026-04-12T10:48:57+00:00","dateModified":"2026-04-12T11:27:42+00:00","breadcrumb":{"@id":"https:\/\/schwaz2026.at\/elementor-2061\/#breadcrumb"},"inLanguage":"en-US","potentialAction":[{"@type":"ReadAction","target":["https:\/\/schwaz2026.at\/elementor-2061\/"]}]},{"@type":"ImageObject","inLanguage":"en-US","@id":"https:\/\/schwaz2026.at\/elementor-2061\/#primaryimage","url":"https:\/\/schwaz2026.at\/wp-content\/uploads\/2026\/04\/2026_04_10_Dreschflegel.jpg","contentUrl":"https:\/\/schwaz2026.at\/wp-content\/uploads\/2026\/04\/2026_04_10_Dreschflegel.jpg"},{"@type":"BreadcrumbList","@id":"https:\/\/schwaz2026.at\/elementor-2061\/#breadcrumb","itemListElement":[{"@type":"ListItem","position":1,"name":"Startseite","item":"https:\/\/schwaz2026.at\/"},{"@type":"ListItem","position":2,"name":"Er\u00f6ffnungsfeiern"}]},{"@type":"WebSite","@id":"https:\/\/schwaz2026.at\/#website","url":"https:\/\/schwaz2026.at\/","name":"Kegel WM Schwaz 2026","description":"Kegelweltmeisterschaft der Junioren und Aktiven in Schwaz, 2026","publisher":{"@id":"https:\/\/schwaz2026.at\/#organization"},"alternateName":"Kegelweltmeisterschaft 2026 in Schwaz","potentialAction":[{"@type":"SearchAction","target":{"@type":"EntryPoint","urlTemplate":"https:\/\/schwaz2026.at\/?s={search_term_string}"},"query-input":{"@type":"PropertyValueSpecification","valueRequired":true,"valueName":"search_term_string"}}],"inLanguage":"en-US"},{"@type":"Organization","@id":"https:\/\/schwaz2026.at\/#organization","name":"WCH Schwaz 2026","url":"https:\/\/schwaz2026.at\/","logo":{"@type":"ImageObject","inLanguage":"en-US","@id":"https:\/\/schwaz2026.at\/#\/schema\/logo\/image\/","url":"https:\/\/schwaz2026.at\/wp-content\/uploads\/2025\/01\/cropped-cropped-cropped-SCHWAZ_2026_FINAL_CMYK_AT.pdf.png","contentUrl":"https:\/\/schwaz2026.at\/wp-content\/uploads\/2025\/01\/cropped-cropped-cropped-SCHWAZ_2026_FINAL_CMYK_AT.pdf.png","width":2000,"height":1199,"caption":"WM Schwaz 2026"},"image":{"@id":"https:\/\/schwaz2026.at\/#\/schema\/logo\/image\/"},"sameAs":["https:\/\/www.facebook.com\/kvschwaz","https:\/\/www.instagram.com\/kv_schwaz"]}]}},"_links":{"self":[{"href":"https:\/\/schwaz2026.at\/en\/wp-json\/wp\/v2\/pages\/2061","targetHints":{"allow":["GET"]}}],"collection":[{"href":"https:\/\/schwaz2026.at\/en\/wp-json\/wp\/v2\/pages"}],"about":[{"href":"https:\/\/schwaz2026.at\/en\/wp-json\/wp\/v2\/types\/page"}],"author":[{"embeddable":true,"href":"https:\/\/schwaz2026.at\/en\/wp-json\/wp\/v2\/users\/1"}],"replies":[{"embeddable":true,"href":"https:\/\/schwaz2026.at\/en\/wp-json\/wp\/v2\/comments?post=2061"}],"version-history":[{"count":35,"href":"https:\/\/schwaz2026.at\/en\/wp-json\/wp\/v2\/pages\/2061\/revisions"}],"predecessor-version":[{"id":2101,"href":"https:\/\/schwaz2026.at\/en\/wp-json\/wp\/v2\/pages\/2061\/revisions\/2101"}],"wp:attachment":[{"href":"https:\/\/schwaz2026.at\/en\/wp-json\/wp\/v2\/media?parent=2061"}],"curies":[{"name":"wp","href":"https:\/\/api.w.org\/{rel}","templated":true}]}}