{"id":71,"date":"2025-01-06T12:08:41","date_gmt":"2025-01-06T11:08:41","guid":{"rendered":"https:\/\/test.schwaz2026.at\/?page_id=71"},"modified":"2025-09-26T11:50:32","modified_gmt":"2025-09-26T09:50:32","slug":"impressum","status":"publish","type":"page","link":"https:\/\/schwaz2026.at\/en\/impressum\/","title":{"rendered":"Impressum"},"content":{"rendered":"<h3>Medieninhaber<\/h3>\n<p>KV Schwaz<br \/>\nZ\u00f6hrerweg 33, 6134 Fiecht<br \/>\nE-Mail: kv-schwaz@hotmail.com<br \/>\n<a href=\"https:\/\/schwaz2026.at\/en\/\">www.schwaz2026.at<\/a><\/p>\n<h3>Vertreten durch<\/h3>\n<p>Obmann Daberto Werner<br \/>\nZ\u00f6hrerweg 33, 6134 Vomp<br \/>\nTelefon: 0664 2627908<br \/>\nE-Mail: <a href=\"mailto:dabertow@hotmail.com\">dabertow@hotmail.com<\/a><\/p>\n<h3>Vereinsdaten<\/h3>\n<p>ZVR-Zahl: 624100118<br \/>\nRegistriert bei: Bezirkshauptmannschaft Schwaz<br \/>\nAufsichtsbeh\u00f6rde nach ECG: BPD Wien B\u00fcro f\u00fcr Vereins-, Versammlungs- und Medienrechtsangelegenheiten<br \/>\nRechtsvorschriften: Vereinsgesetz<\/p>\n<p>&nbsp;<\/p>\n<p><b>F\u00fcr den Inhalt der Website ist der Verein &#8222;KV Schwaz&#8220; verantwortlich.<\/b><\/p>\n<p>Der Verein hat alle zumutbaren Anstrengungen unternommen, um sicherzustellen, dass die auf dieser Website bereitgestellten Informationen zur Zeit der Bereitstellung richtig und vollst\u00e4ndig sind. Dennoch kann es zu unbeabsichtigten und zuf\u00e4lligen Fehlern gekommen sein, f\u00fcr die wir uns entschuldigen.<\/p>\n<p>Der Verein macht keine Zusicherung und \u00fcbernimmt keine Gew\u00e4hrleistung f\u00fcr die auf dieser Website zur Verf\u00fcgung gestellten Informationen, wie z. B. Hyperlinks oder andere Inhalte, die entweder direkt oder indirekt verwendet werden. Auch beh\u00e4lt sich der Verein das Recht vor, \u00c4nderungen oder Erg\u00e4nzungen der bereitgestellten Informationen ohne vorherige Ank\u00fcndigung vorzunehmen. Der Verein lehnt jegliche Haftung f\u00fcr unrichtige oder fehlende Informationen auf der Website ab, und daher liegen alle Entscheidungen, die auf den auf der Website bereitgestellten Informationen beruhen, einzig und allein im Verantwortungsbereich des Benutzers. Der Verein lehnt jegliche Haftung f\u00fcr unmittelbare, konkrete Sch\u00e4den oder Folgesch\u00e4den, oder sonstige Sch\u00e4den jeglicher Art, die aus welchem Grund auch immer im Zusammenhang mit dem indirekten oder direkten Gebrauch der auf der Website bereitgestellten Informationen entstanden sind, ab.<\/p>\n<p>Sofern nicht anders angegeben, liegt das Urheberrecht aller auf der Website bereitgestellten Dokumente und der daf\u00fcr verwendeten Materialien ausschlie\u00dflich beim Verein. Bez\u00fcglich aller Rechte (z. B. Eigentum, gewerbliche Schutzrechte, Urheberrecht) wird niemandem eine Lizenz oder ein sonstiges Recht einger\u00e4umt. Die Vervielf\u00e4ltigung der Dokumente ist nur f\u00fcr den pers\u00f6nlichen und informativen Gebrauch gestattet und jede sonstige Vervielf\u00e4ltigung oder jeder sonstige Gebrauch ist ausdr\u00fccklich untersagt. Die Verwendung von Kennzeichen (z. B. Marken, Logos), unabh\u00e4ngig vom Vorhandensein eines Symbols \u00ae oder TM, ist ausdr\u00fccklich untersagt.<\/p>\n<p>Alle vorstehenden Regelungen gelten auch f\u00fcr Software, die direkt oder indirekt von der Website abgerufen oder verwendet werden k\u00f6nnen. Soweit \u00fcber Hyperlinks auf Software Dritter zugegriffen wird, gelten die Regelungen dieses Anbieters und sind dessen Rechte zu beachten.<\/p>\n<p>Jeder Benutzer der Website, der dem Verein Informationen zur Verf\u00fcgung stellt, willigt ein, dass der Verein uneingeschr\u00e4nkte Rechte an diesen Informationen erh\u00e4lt und dass der Verein sie in jeder von ihr gew\u00fcnschten Art nutzen kann. Die vom Benutzer zur Verf\u00fcgung gestellte Information unterliegt nicht der Geheimhaltung. Personenbezogene Daten des Benutzers unterliegen dem Datenschutzgesetz 2000 und werden vom Verein nur in jenem Umfang verwendet, wie sie zur pers\u00f6nlichen Betreuung erforderlich sind.<\/p>\n<p><b>Datenschutzerkl\u00e4rung<\/b><br \/>\nDer Besuch der Website von schwaz2026.at ist f\u00fcr jedermann auch ohne Angabe von Daten m\u00f6glich. Die Erhebung personenbezogener Daten passiert ausschlie\u00dflich dann, wenn dies zur Verbesserung der Nutzbarkeit der schwaz2026.at Website und zur Optimierung der Informationsbeschaffung durch den Nutzer zweckm\u00e4\u00dfig ist und, um auf Wunsch Informationen zu konkreten Themenbereichen auch via E-Mail an Nutzer weitergeben zu k\u00f6nnen.<\/p>\n<p><strong>Google-Analytics<\/strong><br \/>\nDiese Website benutzt Google Analytics, einen Webanalysedienst der Googe Inc. (\u201eGoogle\u201c). Google Analytics verwendet sog. \u201eCookies\u201c, Textdateien, die auf Ihrem Computer gespeichert werden und die eine Analyse der Benutzung der Website durch Sie erm\u00f6glicht. Die durch den Cookie erzeugten Informationen \u00fcber Ihre Benutzung dieser Website (einschlie\u00dflich Ihrer IP-Adresse) werden an einen Server von Google in den USA \u00fcbertragen und dort gespeichert. Google wird diese Informationen benutzen, um Ihre Nutzung der Website auszuwerten, um Reports \u00fcber die Websiteaktivit\u00e4ten f\u00fcr die Websitebetreiber zusammenzustellen und um weitere mit der Websitenutzung und der Internetnutzung verbundene Dienstleistungen zu erbringen. Auch wird Google diese Informationen gegebenenfalls an Dritte \u00fcbertragen, sofern dies gesetzlich vorgeschrieben ist oder soweit Dritte diese Daten im Auftrag von Google verarbeiten. Google wird in keinem Fall Ihre IP-Adresse mit anderen Daten von Google in Verbindung bringen. Sie k\u00f6nnen die Installation der Cookies durch eine entsprechende Einstellung Ihrer Browser Software verhindern; wir weisen Sie jedoch darauf hin, dass Sie in diesem Fall gegebenenfalls nicht s\u00e4mtliche Funktionen dieser Website voll umf\u00e4nglich nutzen k\u00f6nnen. Durch die Nutzung dieser Website erkl\u00e4ren Sie sich mit der Bearbeitung der \u00fcber Sie erhobenen Daten durch Google in der zuvor beschriebenen Art und Weise und zu dem zuvor benannten Zweck einverstanden.<\/p>","protected":false},"excerpt":{"rendered":"<p>Medieninhaber KV Schwaz Z\u00f6hrerweg 33, 6134 Fiecht E-Mail: kv-schwaz@hotmail.com www.schwaz2026.at Vertreten durch Obmann Daberto Werner Z\u00f6hrerweg 33, 6134 Vomp Telefon: 0664 2627908 E-Mail: dabertow@hotmail.com Vereinsdaten ZVR-Zahl: 624100118 Registriert bei: Bezirkshauptmannschaft Schwaz Aufsichtsbeh\u00f6rde nach ECG: BPD Wien B\u00fcro f\u00fcr Vereins-, Versammlungs- und Medienrechtsangelegenheiten Rechtsvorschriften: Vereinsgesetz &nbsp; F\u00fcr den Inhalt der Website ist der Verein &#8222;KV Schwaz&#8220; [&hellip;]<\/p>","protected":false},"author":1,"featured_media":0,"parent":0,"menu_order":0,"comment_status":"closed","ping_status":"closed","template":"","meta":{"footnotes":""},"class_list":["post-71","page","type-page","status-publish","hentry"],"yoast_head":"<!-- This site is optimized with the Yoast SEO plugin v26.8 - https:\/\/yoast.com\/product\/yoast-seo-wordpress\/ -->\n<title>Impressum - Kegel WM Schwaz 2026<\/title>\n<meta name=\"robots\" content=\"index, follow, max-snippet:-1, max-image-preview:large, max-video-preview:-1\" \/>\n<link rel=\"canonical\" href=\"https:\/\/schwaz2026.at\/en\/impressum\/\" \/>\n<meta property=\"og:locale\" content=\"en_US\" \/>\n<meta property=\"og:type\" content=\"article\" \/>\n<meta property=\"og:title\" content=\"Impressum - Kegel WM Schwaz 2026\" \/>\n<meta property=\"og:description\" content=\"Medieninhaber KV Schwaz Z\u00f6hrerweg 33, 6134 Fiecht E-Mail: kv-schwaz@hotmail.com www.schwaz2026.at Vertreten durch Obmann Daberto Werner Z\u00f6hrerweg 33, 6134 Vomp Telefon: 0664 2627908 E-Mail: dabertow@hotmail.com Vereinsdaten ZVR-Zahl: 624100118 Registriert bei: Bezirkshauptmannschaft Schwaz Aufsichtsbeh\u00f6rde nach ECG: BPD Wien B\u00fcro f\u00fcr Vereins-, Versammlungs- und Medienrechtsangelegenheiten Rechtsvorschriften: Vereinsgesetz &nbsp; F\u00fcr den Inhalt der Website ist der Verein &#8222;KV Schwaz&#8220; [&hellip;]\" \/>\n<meta property=\"og:url\" content=\"https:\/\/schwaz2026.at\/en\/impressum\/\" \/>\n<meta property=\"og:site_name\" content=\"Kegel WM Schwaz 2026\" \/>\n<meta property=\"article:publisher\" content=\"https:\/\/www.facebook.com\/kvschwaz\" \/>\n<meta property=\"article:modified_time\" content=\"2025-09-26T09:50:32+00:00\" \/>\n<meta property=\"og:image\" content=\"https:\/\/schwaz2026.at\/wp-content\/uploads\/2026\/02\/KegelWM-1200x675-1.jpg\" \/>\n\t<meta property=\"og:image:width\" content=\"1200\" \/>\n\t<meta property=\"og:image:height\" content=\"675\" \/>\n\t<meta property=\"og:image:type\" content=\"image\/jpeg\" \/>\n<meta name=\"twitter:card\" content=\"summary_large_image\" \/>\n<meta name=\"twitter:label1\" content=\"Est. reading time\" \/>\n\t<meta name=\"twitter:data1\" content=\"4 minutes\" \/>\n<script type=\"application\/ld+json\" class=\"yoast-schema-graph\">{\"@context\":\"https:\/\/schema.org\",\"@graph\":[{\"@type\":\"WebPage\",\"@id\":\"https:\/\/schwaz2026.at\/impressum\/\",\"url\":\"https:\/\/schwaz2026.at\/impressum\/\",\"name\":\"Impressum - Kegel WM Schwaz 2026\",\"isPartOf\":{\"@id\":\"https:\/\/schwaz2026.at\/#website\"},\"datePublished\":\"2025-01-06T11:08:41+00:00\",\"dateModified\":\"2025-09-26T09:50:32+00:00\",\"breadcrumb\":{\"@id\":\"https:\/\/schwaz2026.at\/impressum\/#breadcrumb\"},\"inLanguage\":\"en-US\",\"potentialAction\":[{\"@type\":\"ReadAction\",\"target\":[\"https:\/\/schwaz2026.at\/impressum\/\"]}]},{\"@type\":\"BreadcrumbList\",\"@id\":\"https:\/\/schwaz2026.at\/impressum\/#breadcrumb\",\"itemListElement\":[{\"@type\":\"ListItem\",\"position\":1,\"name\":\"Startseite\",\"item\":\"https:\/\/schwaz2026.at\/\"},{\"@type\":\"ListItem\",\"position\":2,\"name\":\"Impressum\"}]},{\"@type\":\"WebSite\",\"@id\":\"https:\/\/schwaz2026.at\/#website\",\"url\":\"https:\/\/schwaz2026.at\/\",\"name\":\"Kegel WM Schwaz 2026\",\"description\":\"Kegelweltmeisterschaft der Junioren und Aktiven in Schwaz, 2026\",\"publisher\":{\"@id\":\"https:\/\/schwaz2026.at\/#organization\"},\"alternateName\":\"Kegelweltmeisterschaft 2026 in Schwaz\",\"potentialAction\":[{\"@type\":\"SearchAction\",\"target\":{\"@type\":\"EntryPoint\",\"urlTemplate\":\"https:\/\/schwaz2026.at\/?s={search_term_string}\"},\"query-input\":{\"@type\":\"PropertyValueSpecification\",\"valueRequired\":true,\"valueName\":\"search_term_string\"}}],\"inLanguage\":\"en-US\"},{\"@type\":\"Organization\",\"@id\":\"https:\/\/schwaz2026.at\/#organization\",\"name\":\"WM Schwaz 2026\",\"url\":\"https:\/\/schwaz2026.at\/\",\"logo\":{\"@type\":\"ImageObject\",\"inLanguage\":\"en-US\",\"@id\":\"https:\/\/schwaz2026.at\/#\/schema\/logo\/image\/\",\"url\":\"https:\/\/schwaz2026.at\/wp-content\/uploads\/2025\/01\/cropped-cropped-cropped-SCHWAZ_2026_FINAL_CMYK_AT.pdf.png\",\"contentUrl\":\"https:\/\/schwaz2026.at\/wp-content\/uploads\/2025\/01\/cropped-cropped-cropped-SCHWAZ_2026_FINAL_CMYK_AT.pdf.png\",\"width\":2000,\"height\":1199,\"caption\":\"WM Schwaz 2026\"},\"image\":{\"@id\":\"https:\/\/schwaz2026.at\/#\/schema\/logo\/image\/\"},\"sameAs\":[\"https:\/\/www.facebook.com\/kvschwaz\",\"https:\/\/www.instagram.com\/kv_schwaz\"]}]}<\/script>\n<!-- \/ Yoast SEO plugin. -->","yoast_head_json":{"title":"Impressum - Kegel WM Schwaz 2026","robots":{"index":"index","follow":"follow","max-snippet":"max-snippet:-1","max-image-preview":"max-image-preview:large","max-video-preview":"max-video-preview:-1"},"canonical":"https:\/\/schwaz2026.at\/en\/impressum\/","og_locale":"en_US","og_type":"article","og_title":"Impressum - Kegel WM Schwaz 2026","og_description":"Medieninhaber KV Schwaz Z\u00f6hrerweg 33, 6134 Fiecht E-Mail: kv-schwaz@hotmail.com www.schwaz2026.at Vertreten durch Obmann Daberto Werner Z\u00f6hrerweg 33, 6134 Vomp Telefon: 0664 2627908 E-Mail: dabertow@hotmail.com Vereinsdaten ZVR-Zahl: 624100118 Registriert bei: Bezirkshauptmannschaft Schwaz Aufsichtsbeh\u00f6rde nach ECG: BPD Wien B\u00fcro f\u00fcr Vereins-, Versammlungs- und Medienrechtsangelegenheiten Rechtsvorschriften: Vereinsgesetz &nbsp; F\u00fcr den Inhalt der Website ist der Verein &#8222;KV Schwaz&#8220; [&hellip;]","og_url":"https:\/\/schwaz2026.at\/en\/impressum\/","og_site_name":"Kegel WM Schwaz 2026","article_publisher":"https:\/\/www.facebook.com\/kvschwaz","article_modified_time":"2025-09-26T09:50:32+00:00","og_image":[{"width":1200,"height":675,"url":"https:\/\/schwaz2026.at\/wp-content\/uploads\/2026\/02\/KegelWM-1200x675-1.jpg","type":"image\/jpeg"}],"twitter_card":"summary_large_image","twitter_misc":{"Est. reading time":"4 minutes"},"schema":{"@context":"https:\/\/schema.org","@graph":[{"@type":"WebPage","@id":"https:\/\/schwaz2026.at\/impressum\/","url":"https:\/\/schwaz2026.at\/impressum\/","name":"Impressum - Kegel WM Schwaz 2026","isPartOf":{"@id":"https:\/\/schwaz2026.at\/#website"},"datePublished":"2025-01-06T11:08:41+00:00","dateModified":"2025-09-26T09:50:32+00:00","breadcrumb":{"@id":"https:\/\/schwaz2026.at\/impressum\/#breadcrumb"},"inLanguage":"en-US","potentialAction":[{"@type":"ReadAction","target":["https:\/\/schwaz2026.at\/impressum\/"]}]},{"@type":"BreadcrumbList","@id":"https:\/\/schwaz2026.at\/impressum\/#breadcrumb","itemListElement":[{"@type":"ListItem","position":1,"name":"Startseite","item":"https:\/\/schwaz2026.at\/"},{"@type":"ListItem","position":2,"name":"Impressum"}]},{"@type":"WebSite","@id":"https:\/\/schwaz2026.at\/#website","url":"https:\/\/schwaz2026.at\/","name":"Kegel WM Schwaz 2026","description":"Kegelweltmeisterschaft der Junioren und Aktiven in Schwaz, 2026","publisher":{"@id":"https:\/\/schwaz2026.at\/#organization"},"alternateName":"Kegelweltmeisterschaft 2026 in Schwaz","potentialAction":[{"@type":"SearchAction","target":{"@type":"EntryPoint","urlTemplate":"https:\/\/schwaz2026.at\/?s={search_term_string}"},"query-input":{"@type":"PropertyValueSpecification","valueRequired":true,"valueName":"search_term_string"}}],"inLanguage":"en-US"},{"@type":"Organization","@id":"https:\/\/schwaz2026.at\/#organization","name":"WCH Schwaz 2026","url":"https:\/\/schwaz2026.at\/","logo":{"@type":"ImageObject","inLanguage":"en-US","@id":"https:\/\/schwaz2026.at\/#\/schema\/logo\/image\/","url":"https:\/\/schwaz2026.at\/wp-content\/uploads\/2025\/01\/cropped-cropped-cropped-SCHWAZ_2026_FINAL_CMYK_AT.pdf.png","contentUrl":"https:\/\/schwaz2026.at\/wp-content\/uploads\/2025\/01\/cropped-cropped-cropped-SCHWAZ_2026_FINAL_CMYK_AT.pdf.png","width":2000,"height":1199,"caption":"WM Schwaz 2026"},"image":{"@id":"https:\/\/schwaz2026.at\/#\/schema\/logo\/image\/"},"sameAs":["https:\/\/www.facebook.com\/kvschwaz","https:\/\/www.instagram.com\/kv_schwaz"]}]}},"_links":{"self":[{"href":"https:\/\/schwaz2026.at\/en\/wp-json\/wp\/v2\/pages\/71","targetHints":{"allow":["GET"]}}],"collection":[{"href":"https:\/\/schwaz2026.at\/en\/wp-json\/wp\/v2\/pages"}],"about":[{"href":"https:\/\/schwaz2026.at\/en\/wp-json\/wp\/v2\/types\/page"}],"author":[{"embeddable":true,"href":"https:\/\/schwaz2026.at\/en\/wp-json\/wp\/v2\/users\/1"}],"replies":[{"embeddable":true,"href":"https:\/\/schwaz2026.at\/en\/wp-json\/wp\/v2\/comments?post=71"}],"version-history":[{"count":5,"href":"https:\/\/schwaz2026.at\/en\/wp-json\/wp\/v2\/pages\/71\/revisions"}],"predecessor-version":[{"id":912,"href":"https:\/\/schwaz2026.at\/en\/wp-json\/wp\/v2\/pages\/71\/revisions\/912"}],"wp:attachment":[{"href":"https:\/\/schwaz2026.at\/en\/wp-json\/wp\/v2\/media?parent=71"}],"curies":[{"name":"wp","href":"https:\/\/api.w.org\/{rel}","templated":true}]}}