{"id":886,"date":"2025-09-15T17:07:41","date_gmt":"2025-09-15T15:07:41","guid":{"rendered":"https:\/\/schwaz2026.at\/?page_id=886"},"modified":"2026-02-22T20:54:54","modified_gmt":"2026-02-22T19:54:54","slug":"silberregion-karwendel-wm-unterkuenfte","status":"publish","type":"page","link":"https:\/\/schwaz2026.at\/en\/silberregion-karwendel-wm-unterkuenfte\/","title":{"rendered":"Silver Region Karwendel"},"content":{"rendered":"<div data-elementor-type=\"wp-page\" data-elementor-id=\"886\" class=\"elementor elementor-886\">\n\t\t\t\t<div class=\"elementor-element elementor-element-e3628a6 e-flex e-con-boxed e-con e-parent\" data-id=\"e3628a6\" data-element_type=\"container\">\n\t\t\t\t\t<div class=\"e-con-inner\">\n\t\t\t\t<div class=\"elementor-element elementor-element-5beea00 elementor-widget elementor-widget-heading\" data-id=\"5beea00\" data-element_type=\"widget\" data-widget_type=\"heading.default\">\n\t\t\t\t<div class=\"elementor-widget-container\">\n\t\t\t\t\t<h2 class=\"elementor-heading-title elementor-size-default\">Silver region Karwendel<\/h2>\t\t\t\t<\/div>\n\t\t\t\t<\/div>\n\t\t\t\t<div class=\"elementor-element elementor-element-0f17d27 elementor-widget elementor-widget-text-editor\" data-id=\"0f17d27\" data-element_type=\"widget\" data-widget_type=\"text-editor.default\">\n\t\t\t\t<div class=\"elementor-widget-container\">\n\t\t\t\t\t\t\t\t\t<p>Die <a href=\"https:\/\/silberregion-karwendel.com\">Silver Region Karwendel<\/a>, die diesj\u00e4hrige Gastgeberregion der Sportkegelweltmeisterschaft, ist eine Urlaubsregion \u201ePURER VIELFALT.\u201c Mit ihrer einmaligen Naturwelt, einzigartigen Geschichte und geographischen Lage ist die Silberregion Karwendel ein tirolweit unvergleichliches ganzj\u00e4hriges Reiseziel.<\/p>\t\t\t\t\t\t\t\t<\/div>\n\t\t\t\t<\/div>\n\t\t\t\t<div class=\"elementor-element elementor-element-47ed7bf elementor-widget-mobile__width-inherit elementor-widget elementor-widget-text-editor\" data-id=\"47ed7bf\" data-element_type=\"widget\" data-widget_type=\"text-editor.default\">\n\t\t\t\t<div class=\"elementor-widget-container\">\n\t\t\t\t\t\t\t\t\t<p>Click here for the accommodations in the Silver Region:<\/p>\t\t\t\t\t\t\t\t<\/div>\n\t\t\t\t<\/div>\n\t\t<div class=\"elementor-element elementor-element-6fc0b2e e-grid e-con-full e-con e-child\" data-id=\"6fc0b2e\" data-element_type=\"container\">\n\t\t\t\t<div class=\"elementor-element elementor-element-ce30be6 elementor-align-center elementor-widget elementor-widget-button\" data-id=\"ce30be6\" data-element_type=\"widget\" data-widget_type=\"button.default\">\n\t\t\t\t<div class=\"elementor-widget-container\">\n\t\t\t\t\t\t\t\t\t<div class=\"elementor-button-wrapper\">\n\t\t\t\t\t<a class=\"elementor-button elementor-button-link elementor-size-sm\" href=\"https:\/\/silberregion-karwendel.com\/de\/unterkuenfte#\/unterkuenfte\">\n\t\t\t\t\t\t<span class=\"elementor-button-content-wrapper\">\n\t\t\t\t\t\t\t\t\t<span class=\"elementor-button-text\">JETZT BUCHEN<\/span>\n\t\t\t\t\t<\/span>\n\t\t\t\t\t<\/a>\n\t\t\t\t<\/div>\n\t\t\t\t\t\t\t\t<\/div>\n\t\t\t\t<\/div>\n\t\t\t\t<div class=\"elementor-element elementor-element-d2f4cce elementor-widget elementor-widget-video\" data-id=\"d2f4cce\" data-element_type=\"widget\" data-settings=\"{&quot;youtube_url&quot;:&quot;https:\\\/\\\/www.youtube.com\\\/watch?v=vTJrSasUyI8&quot;,&quot;video_type&quot;:&quot;youtube&quot;,&quot;controls&quot;:&quot;yes&quot;}\" data-widget_type=\"video.default\">\n\t\t\t\t<div class=\"elementor-widget-container\">\n\t\t\t\t\t\t\t<div class=\"elementor-wrapper elementor-open-inline\">\n\t\t\t<div class=\"elementor-video\"><\/div>\t\t<\/div>\n\t\t\t\t\t\t<\/div>\n\t\t\t\t<\/div>\n\t\t\t\t<\/div>\n\t\t\t\t\t<\/div>\n\t\t\t\t<\/div>\n\t\t<div class=\"elementor-element elementor-element-76990d7 e-flex e-con-boxed e-con e-parent\" data-id=\"76990d7\" data-element_type=\"container\">\n\t\t\t\t\t<div class=\"e-con-inner\">\n\t\t<div class=\"elementor-element elementor-element-07954f1 e-grid e-con-full e-con e-child\" data-id=\"07954f1\" data-element_type=\"container\">\n\t\t\t\t<div class=\"elementor-element elementor-element-8c1092d elementor-widget elementor-widget-video\" data-id=\"8c1092d\" data-element_type=\"widget\" data-settings=\"{&quot;video_type&quot;:&quot;vimeo&quot;}\" data-widget_type=\"video.default\">\n\t\t\t\t<div class=\"elementor-widget-container\">\n\t\t\t\t\t\t\t<div class=\"elementor-wrapper elementor-open-inline\">\n\t\t\t<iframe class=\"elementor-video-iframe\" allowfullscreen allow=\"clipboard-write\" title=\"vimeo Video Player\" src=\"https:\/\/player.vimeo.com\/video\/283868927?color&amp;autopause=0&amp;loop=0&amp;muted=0&amp;title=1&amp;portrait=1&amp;byline=1#t=\"><\/iframe>\t\t<\/div>\n\t\t\t\t\t\t<\/div>\n\t\t\t\t<\/div>\n\t\t\t\t<div class=\"elementor-element elementor-element-5090f84 elementor-widget elementor-widget-heading\" data-id=\"5090f84\" data-element_type=\"widget\" data-widget_type=\"heading.default\">\n\t\t\t\t<div class=\"elementor-widget-container\">\n\t\t\t\t\t<h2 class=\"elementor-heading-title elementor-size-default\">Promotional video of <a href=\"https:\/\/www.stans.gv.at\/\" target=\"_blank\">the Municipality of Stans<\/a><\/h2>\t\t\t\t<\/div>\n\t\t\t\t<\/div>\n\t\t\t\t<\/div>\n\t\t<div class=\"elementor-element elementor-element-3ea140d e-grid e-con-full e-con e-child\" data-id=\"3ea140d\" data-element_type=\"container\">\n\t\t\t\t<div class=\"elementor-element elementor-element-01d5436 elementor-widget elementor-widget-heading\" data-id=\"01d5436\" data-element_type=\"widget\" data-widget_type=\"heading.default\">\n\t\t\t\t<div class=\"elementor-widget-container\">\n\t\t\t\t\t<h2 class=\"elementor-heading-title elementor-size-default\">Promotional video of \n<a href=\"https:\/\/www.schwaz.at\/\" target=\"_blank\">the city of Schwaz<\/a><\/h2>\t\t\t\t<\/div>\n\t\t\t\t<\/div>\n\t\t\t\t<div class=\"elementor-element elementor-element-d54db6e elementor-widget elementor-widget-video\" data-id=\"d54db6e\" data-element_type=\"widget\" data-settings=\"{&quot;youtube_url&quot;:&quot;https:\\\/\\\/www.youtube.com\\\/watch?v=312peRxMtHQ&amp;t=3s&quot;,&quot;video_type&quot;:&quot;youtube&quot;,&quot;controls&quot;:&quot;yes&quot;}\" data-widget_type=\"video.default\">\n\t\t\t\t<div class=\"elementor-widget-container\">\n\t\t\t\t\t\t\t<div class=\"elementor-wrapper elementor-open-inline\">\n\t\t\t<div class=\"elementor-video\"><\/div>\t\t<\/div>\n\t\t\t\t\t\t<\/div>\n\t\t\t\t<\/div>\n\t\t\t\t<\/div>\n\t\t\t\t\t<\/div>\n\t\t\t\t<\/div>\n\t\t<div class=\"elementor-element elementor-element-ab88f71 e-con-full e-flex e-con e-parent\" data-id=\"ab88f71\" data-element_type=\"container\">\n\t\t<div class=\"elementor-element elementor-element-5b06434 e-grid e-con-full e-con e-child\" data-id=\"5b06434\" data-element_type=\"container\" data-settings=\"{&quot;background_background&quot;:&quot;classic&quot;}\">\n\t\t\t\t<div class=\"elementor-element elementor-element-0e4f0c2 elementor-view-default elementor-widget elementor-widget-icon\" data-id=\"0e4f0c2\" data-element_type=\"widget\" data-widget_type=\"icon.default\">\n\t\t\t\t<div class=\"elementor-widget-container\">\n\t\t\t\t\t\t\t<div class=\"elementor-icon-wrapper\">\n\t\t\t<div class=\"elementor-icon\">\n\t\t\t<svg aria-hidden=\"true\" class=\"e-font-icon-svg e-fab-instagram\" viewbox=\"0 0 448 512\" xmlns=\"http:\/\/www.w3.org\/2000\/svg\"><path d=\"M224.1 141c-63.6 0-114.9 51.3-114.9 114.9s51.3 114.9 114.9 114.9S339 319.5 339 255.9 287.7 141 224.1 141zm0 189.6c-41.1 0-74.7-33.5-74.7-74.7s33.5-74.7 74.7-74.7 74.7 33.5 74.7 74.7-33.6 74.7-74.7 74.7zm146.4-194.3c0 14.9-12 26.8-26.8 26.8-14.9 0-26.8-12-26.8-26.8s12-26.8 26.8-26.8 26.8 12 26.8 26.8zm76.1 27.2c-1.7-35.9-9.9-67.7-36.2-93.9-26.2-26.2-58-34.4-93.9-36.2-37-2.1-147.9-2.1-184.9 0-35.8 1.7-67.6 9.9-93.9 36.1s-34.4 58-36.2 93.9c-2.1 37-2.1 147.9 0 184.9 1.7 35.9 9.9 67.7 36.2 93.9s58 34.4 93.9 36.2c37 2.1 147.9 2.1 184.9 0 35.9-1.7 67.7-9.9 93.9-36.2 26.2-26.2 34.4-58 36.2-93.9 2.1-37 2.1-147.8 0-184.8zM398.8 388c-7.8 19.6-22.9 34.7-42.6 42.6-29.5 11.7-99.5 9-132.1 9s-102.7 2.6-132.1-9c-19.6-7.8-34.7-22.9-42.6-42.6-11.7-29.5-9-99.5-9-132.1s-2.6-102.7 9-132.1c7.8-19.6 22.9-34.7 42.6-42.6 29.5-11.7 99.5-9 132.1-9s102.7-2.6 132.1 9c19.6 7.8 34.7 22.9 42.6 42.6 11.7 29.5 9 99.5 9 132.1s2.7 102.7-9 132.1z\"><\/path><\/svg>\t\t\t<\/div>\n\t\t<\/div>\n\t\t\t\t\t\t<\/div>\n\t\t\t\t<\/div>\n\t\t\t\t<div class=\"elementor-element elementor-element-1085056 elementor-widget elementor-widget-heading\" data-id=\"1085056\" data-element_type=\"widget\" data-widget_type=\"heading.default\">\n\t\t\t\t<div class=\"elementor-widget-container\">\n\t\t\t\t\t<h2 class=\"elementor-heading-title elementor-size-default\"><a href=\"https:\/\/schwaz2026.at\/en\/impressum\/\">Impressum<\/a><\/h2>\t\t\t\t<\/div>\n\t\t\t\t<\/div>\n\t\t\t\t<\/div>\n\t\t\t\t<\/div>\n\t\t\t\t<\/div>","protected":false},"excerpt":{"rendered":"<p>SILBERREGION KARWENDEL Die Silberregion Karwendel, die diesj\u00e4hrige Gastgeberregion der Sportkegelweltmeisterschaft, ist eine Urlaubsregion \u201ePURER VIELFALT.\u201c Mit ihrer einmaligen Naturwelt, einzigartigen Geschichte und geographischen Lage ist die Silberregion Karwendel ein tirolweit unvergleichliches ganzj\u00e4hriges Reiseziel. Hier gehts zu den Unterk\u00fcnften in der Silberregion: JETZT BUCHEN https:\/\/www.youtube.com\/watch?v=vTJrSasUyI8https:\/\/vimeo.com\/283868927?fl=pl&#038;fe=vl Imagefilm der Gemeinde Stans Imagefilm der Stadt Schwaz Impressum<\/p>","protected":false},"author":1,"featured_media":0,"parent":0,"menu_order":0,"comment_status":"closed","ping_status":"closed","template":"","meta":{"footnotes":""},"class_list":["post-886","page","type-page","status-publish","hentry"],"yoast_head":"<!-- This site is optimized with the Yoast SEO plugin v26.8 - https:\/\/yoast.com\/product\/yoast-seo-wordpress\/ -->\n<title>Silberregion Karwendel - Kegel WM Schwaz 2026<\/title>\n<meta name=\"description\" content=\"Finden Sie Unterk\u00fcnfte f\u00fcr die Kegel WM in Schwaz im Mai 2026. Die Silberregion Karwendel hei\u00dft sie mit Tiroler Gastfreundschaft willkommen.\" \/>\n<meta name=\"robots\" content=\"index, follow, max-snippet:-1, max-image-preview:large, max-video-preview:-1\" \/>\n<link rel=\"canonical\" href=\"https:\/\/schwaz2026.at\/en\/silberregion-karwendel-wm-unterkuenfte\/\" \/>\n<meta property=\"og:locale\" content=\"en_US\" \/>\n<meta property=\"og:type\" content=\"article\" \/>\n<meta property=\"og:title\" content=\"Silberregion Karwendel - Kegel WM Schwaz 2026\" \/>\n<meta property=\"og:description\" content=\"Finden Sie Unterk\u00fcnfte f\u00fcr die Kegel WM in Schwaz im Mai 2026. Die Silberregion Karwendel hei\u00dft sie mit Tiroler Gastfreundschaft willkommen.\" \/>\n<meta property=\"og:url\" content=\"https:\/\/schwaz2026.at\/en\/silberregion-karwendel-wm-unterkuenfte\/\" \/>\n<meta property=\"og:site_name\" content=\"Kegel WM Schwaz 2026\" \/>\n<meta property=\"article:publisher\" content=\"https:\/\/www.facebook.com\/kvschwaz\" \/>\n<meta property=\"article:modified_time\" content=\"2026-02-22T19:54:54+00:00\" \/>\n<meta property=\"og:image\" content=\"https:\/\/schwaz2026.at\/wp-content\/uploads\/2026\/02\/KegelWM-1200x675-1.jpg\" \/>\n\t<meta property=\"og:image:width\" content=\"1200\" \/>\n\t<meta property=\"og:image:height\" content=\"675\" \/>\n\t<meta property=\"og:image:type\" content=\"image\/jpeg\" \/>\n<meta name=\"twitter:card\" content=\"summary_large_image\" \/>\n<meta name=\"twitter:label1\" content=\"Est. reading time\" \/>\n\t<meta name=\"twitter:data1\" content=\"1 minute\" \/>\n<script type=\"application\/ld+json\" class=\"yoast-schema-graph\">{\"@context\":\"https:\/\/schema.org\",\"@graph\":[{\"@type\":\"WebPage\",\"@id\":\"https:\/\/schwaz2026.at\/silberregion-karwendel-wm-unterkuenfte\/\",\"url\":\"https:\/\/schwaz2026.at\/silberregion-karwendel-wm-unterkuenfte\/\",\"name\":\"Silberregion Karwendel - Kegel WM Schwaz 2026\",\"isPartOf\":{\"@id\":\"https:\/\/schwaz2026.at\/#website\"},\"datePublished\":\"2025-09-15T15:07:41+00:00\",\"dateModified\":\"2026-02-22T19:54:54+00:00\",\"description\":\"Finden Sie Unterk\u00fcnfte f\u00fcr die Kegel WM in Schwaz im Mai 2026. Die Silberregion Karwendel hei\u00dft sie mit Tiroler Gastfreundschaft willkommen.\",\"breadcrumb\":{\"@id\":\"https:\/\/schwaz2026.at\/silberregion-karwendel-wm-unterkuenfte\/#breadcrumb\"},\"inLanguage\":\"en-US\",\"potentialAction\":[{\"@type\":\"ReadAction\",\"target\":[\"https:\/\/schwaz2026.at\/silberregion-karwendel-wm-unterkuenfte\/\"]}]},{\"@type\":\"BreadcrumbList\",\"@id\":\"https:\/\/schwaz2026.at\/silberregion-karwendel-wm-unterkuenfte\/#breadcrumb\",\"itemListElement\":[{\"@type\":\"ListItem\",\"position\":1,\"name\":\"Startseite\",\"item\":\"https:\/\/schwaz2026.at\/\"},{\"@type\":\"ListItem\",\"position\":2,\"name\":\"Silberregion Karwendel\"}]},{\"@type\":\"WebSite\",\"@id\":\"https:\/\/schwaz2026.at\/#website\",\"url\":\"https:\/\/schwaz2026.at\/\",\"name\":\"Kegel WM Schwaz 2026\",\"description\":\"Kegelweltmeisterschaft der Junioren und Aktiven in Schwaz, 2026\",\"publisher\":{\"@id\":\"https:\/\/schwaz2026.at\/#organization\"},\"alternateName\":\"Kegelweltmeisterschaft 2026 in Schwaz\",\"potentialAction\":[{\"@type\":\"SearchAction\",\"target\":{\"@type\":\"EntryPoint\",\"urlTemplate\":\"https:\/\/schwaz2026.at\/?s={search_term_string}\"},\"query-input\":{\"@type\":\"PropertyValueSpecification\",\"valueRequired\":true,\"valueName\":\"search_term_string\"}}],\"inLanguage\":\"en-US\"},{\"@type\":\"Organization\",\"@id\":\"https:\/\/schwaz2026.at\/#organization\",\"name\":\"WM Schwaz 2026\",\"url\":\"https:\/\/schwaz2026.at\/\",\"logo\":{\"@type\":\"ImageObject\",\"inLanguage\":\"en-US\",\"@id\":\"https:\/\/schwaz2026.at\/#\/schema\/logo\/image\/\",\"url\":\"https:\/\/schwaz2026.at\/wp-content\/uploads\/2025\/01\/cropped-cropped-cropped-SCHWAZ_2026_FINAL_CMYK_AT.pdf.png\",\"contentUrl\":\"https:\/\/schwaz2026.at\/wp-content\/uploads\/2025\/01\/cropped-cropped-cropped-SCHWAZ_2026_FINAL_CMYK_AT.pdf.png\",\"width\":2000,\"height\":1199,\"caption\":\"WM Schwaz 2026\"},\"image\":{\"@id\":\"https:\/\/schwaz2026.at\/#\/schema\/logo\/image\/\"},\"sameAs\":[\"https:\/\/www.facebook.com\/kvschwaz\",\"https:\/\/www.instagram.com\/kv_schwaz\"]}]}<\/script>\n<!-- \/ Yoast SEO plugin. -->","yoast_head_json":{"title":"Silberregion Karwendel - Kegel WM Schwaz 2026","description":"Finden Sie Unterk\u00fcnfte f\u00fcr die Kegel WM in Schwaz im Mai 2026. Die Silberregion Karwendel hei\u00dft sie mit Tiroler Gastfreundschaft willkommen.","robots":{"index":"index","follow":"follow","max-snippet":"max-snippet:-1","max-image-preview":"max-image-preview:large","max-video-preview":"max-video-preview:-1"},"canonical":"https:\/\/schwaz2026.at\/en\/silberregion-karwendel-wm-unterkuenfte\/","og_locale":"en_US","og_type":"article","og_title":"Silberregion Karwendel - Kegel WM Schwaz 2026","og_description":"Finden Sie Unterk\u00fcnfte f\u00fcr die Kegel WM in Schwaz im Mai 2026. Die Silberregion Karwendel hei\u00dft sie mit Tiroler Gastfreundschaft willkommen.","og_url":"https:\/\/schwaz2026.at\/en\/silberregion-karwendel-wm-unterkuenfte\/","og_site_name":"Kegel WM Schwaz 2026","article_publisher":"https:\/\/www.facebook.com\/kvschwaz","article_modified_time":"2026-02-22T19:54:54+00:00","og_image":[{"width":1200,"height":675,"url":"https:\/\/schwaz2026.at\/wp-content\/uploads\/2026\/02\/KegelWM-1200x675-1.jpg","type":"image\/jpeg"}],"twitter_card":"summary_large_image","twitter_misc":{"Est. reading time":"1 minute"},"schema":{"@context":"https:\/\/schema.org","@graph":[{"@type":"WebPage","@id":"https:\/\/schwaz2026.at\/silberregion-karwendel-wm-unterkuenfte\/","url":"https:\/\/schwaz2026.at\/silberregion-karwendel-wm-unterkuenfte\/","name":"Silberregion Karwendel - Kegel WM Schwaz 2026","isPartOf":{"@id":"https:\/\/schwaz2026.at\/#website"},"datePublished":"2025-09-15T15:07:41+00:00","dateModified":"2026-02-22T19:54:54+00:00","description":"Finden Sie Unterk\u00fcnfte f\u00fcr die Kegel WM in Schwaz im Mai 2026. Die Silberregion Karwendel hei\u00dft sie mit Tiroler Gastfreundschaft willkommen.","breadcrumb":{"@id":"https:\/\/schwaz2026.at\/silberregion-karwendel-wm-unterkuenfte\/#breadcrumb"},"inLanguage":"en-US","potentialAction":[{"@type":"ReadAction","target":["https:\/\/schwaz2026.at\/silberregion-karwendel-wm-unterkuenfte\/"]}]},{"@type":"BreadcrumbList","@id":"https:\/\/schwaz2026.at\/silberregion-karwendel-wm-unterkuenfte\/#breadcrumb","itemListElement":[{"@type":"ListItem","position":1,"name":"Startseite","item":"https:\/\/schwaz2026.at\/"},{"@type":"ListItem","position":2,"name":"Silberregion Karwendel"}]},{"@type":"WebSite","@id":"https:\/\/schwaz2026.at\/#website","url":"https:\/\/schwaz2026.at\/","name":"Kegel WM Schwaz 2026","description":"Kegelweltmeisterschaft der Junioren und Aktiven in Schwaz, 2026","publisher":{"@id":"https:\/\/schwaz2026.at\/#organization"},"alternateName":"Kegelweltmeisterschaft 2026 in Schwaz","potentialAction":[{"@type":"SearchAction","target":{"@type":"EntryPoint","urlTemplate":"https:\/\/schwaz2026.at\/?s={search_term_string}"},"query-input":{"@type":"PropertyValueSpecification","valueRequired":true,"valueName":"search_term_string"}}],"inLanguage":"en-US"},{"@type":"Organization","@id":"https:\/\/schwaz2026.at\/#organization","name":"WCH Schwaz 2026","url":"https:\/\/schwaz2026.at\/","logo":{"@type":"ImageObject","inLanguage":"en-US","@id":"https:\/\/schwaz2026.at\/#\/schema\/logo\/image\/","url":"https:\/\/schwaz2026.at\/wp-content\/uploads\/2025\/01\/cropped-cropped-cropped-SCHWAZ_2026_FINAL_CMYK_AT.pdf.png","contentUrl":"https:\/\/schwaz2026.at\/wp-content\/uploads\/2025\/01\/cropped-cropped-cropped-SCHWAZ_2026_FINAL_CMYK_AT.pdf.png","width":2000,"height":1199,"caption":"WM Schwaz 2026"},"image":{"@id":"https:\/\/schwaz2026.at\/#\/schema\/logo\/image\/"},"sameAs":["https:\/\/www.facebook.com\/kvschwaz","https:\/\/www.instagram.com\/kv_schwaz"]}]}},"_links":{"self":[{"href":"https:\/\/schwaz2026.at\/en\/wp-json\/wp\/v2\/pages\/886","targetHints":{"allow":["GET"]}}],"collection":[{"href":"https:\/\/schwaz2026.at\/en\/wp-json\/wp\/v2\/pages"}],"about":[{"href":"https:\/\/schwaz2026.at\/en\/wp-json\/wp\/v2\/types\/page"}],"author":[{"embeddable":true,"href":"https:\/\/schwaz2026.at\/en\/wp-json\/wp\/v2\/users\/1"}],"replies":[{"embeddable":true,"href":"https:\/\/schwaz2026.at\/en\/wp-json\/wp\/v2\/comments?post=886"}],"version-history":[{"count":106,"href":"https:\/\/schwaz2026.at\/en\/wp-json\/wp\/v2\/pages\/886\/revisions"}],"predecessor-version":[{"id":2009,"href":"https:\/\/schwaz2026.at\/en\/wp-json\/wp\/v2\/pages\/886\/revisions\/2009"}],"wp:attachment":[{"href":"https:\/\/schwaz2026.at\/en\/wp-json\/wp\/v2\/media?parent=886"}],"curies":[{"name":"wp","href":"https:\/\/api.w.org\/{rel}","templated":true}]}}